{"id":102,"date":"2015-02-16T12:33:31","date_gmt":"2015-02-16T12:33:31","guid":{"rendered":"https:\/\/www.jantobil.com\/site\/?page_id=102"},"modified":"2020-06-15T19:25:13","modified_gmt":"2020-06-15T19:25:13","slug":"requisitos-para-nos-vender","status":"publish","type":"page","link":"https:\/\/www.jantobil.com\/site\/jantobil\/requisitos-para-nos-vender\/","title":{"rendered":"Requisitos para nos vender"},"content":{"rendered":"<div id=\"pl-102\"  class=\"panel-layout\" ><div id=\"pg-102-0\"  class=\"panel-grid panel-has-style\" ><div class=\"panel-row-style-wide-default-pages panel-row-style panel-row-style-for-102-0\" ><div id=\"pgc-102-0-0\"  class=\"panel-grid-cell\" ><div id=\"panel-102-0-0-0\" class=\"so-panel widget widget_black-studio-tinymce widget_black_studio_tinymce panel-first-child panel-last-child\" data-index=\"0\" ><div class=\"wide-default-pages-article panel-widget-style panel-widget-style-for-102-0-0-0\" ><h3 class=\"widget-title\">Requisitos para nos vender<\/h3><div class=\"textwidget\"><p>Para a venda de quaisquer artigos dever\u00e1:<\/p>\n<ul>\n<li>Ser o leg\u00edtimo propriet\u00e1rio, ou o mandat\u00e1rio que se apresente nas nossas instala\u00e7\u00f5es;<\/li>\n<li>Ser possuidor de idade igual ou superior a 18 anos;<\/li>\n<li>Fazer-se acompanhar de um documento de identifica\u00e7\u00e3o pessoal, com fotografia, v\u00e1lido (ex: Bilhete de Identidade, Cart\u00e3o do Cidad\u00e3o, Carta de Condu\u00e7\u00e3o, Passaporte ou T\u00edtulo de Resid\u00eancia);<\/li>\n<li>Assinar declara\u00e7\u00e3o de venda.<\/li>\n<\/ul>\n<p><strong>Em conformidade com o regulamento do Decreto-Lei n\u00ba42\/2009 de 12 de Fevereiro, no Art\u00ba 14\u00ba, TODAS AS COMPRAS EFECTUDAS PELA NOSSA EMPRESA S\u00c3O COMUNICADAS \u00c0S AUTORIDADES COMPETENTES.<\/strong><\/p>\n<\/div><\/div><\/div><\/div><div id=\"pgc-102-0-1\"  class=\"panel-grid-cell\" ><div id=\"panel-102-0-1-0\" class=\"so-panel widget widget_search panel-first-child\" data-index=\"1\" >\n<form method=\"get\" id=\"searchform\" action=\"https:\/\/www.jantobil.com\/site\/\" role=\"search\">\n\t<label for=\"s\" class=\"assistive-text\">Search<\/label>\n\t<input type=\"text\" class=\"field\" name=\"s\" value=\"\" id=\"s\" placeholder=\"Search\" \/>\n\t<input type=\"submit\" class=\"submit\" name=\"submit\" id=\"searchsubmit\" value=\"Search\" \/>\n<\/form>\n<\/div><div id=\"panel-102-0-1-1\" class=\"so-panel widget widget_pages panel-last-child\" data-index=\"2\" ><h3 class=\"widget-title\">Sugest\u00f5es de leitura<\/h3>\n\t\t\t<ul>\n\t\t\t\t<li class=\"page_item page-item-96\"><a href=\"https:\/\/www.jantobil.com\/site\/jantobil\/sobre-nos\/\">Sobre n\u00f3s<\/a><\/li>\n<li class=\"page_item page-item-98\"><a href=\"https:\/\/www.jantobil.com\/site\/jantobil\/o-que-compramos\/\">O que compramos<\/a><\/li>\n<li class=\"page_item page-item-104\"><a href=\"https:\/\/www.jantobil.com\/site\/jantobil\/o-que-dizem-de-nos\/\">O que dizem de n\u00f3s<\/a><\/li>\n\t\t\t<\/ul>\n\n\t\t\t<\/div><\/div><\/div><\/div><div id=\"pg-102-1\"  class=\"panel-grid panel-has-style\" ><div class=\"panel-row-style-wide-socialnetwork-share-grey panel-row-style panel-row-style-for-102-1\" ><div id=\"pgc-102-1-0\"  class=\"panel-grid-cell\" ><div id=\"panel-102-1-0-0\" class=\"so-panel widget panel-first-child panel-last-child\" data-index=\"3\" ><\/div><\/div><\/div><\/div><\/div>","protected":false},"excerpt":{"rendered":"<p>Para a venda de quaisquer artigos dever\u00e1: Ser o leg\u00edtimo propriet\u00e1rio, ou o mandat\u00e1rio que se apresente nas nossas instala\u00e7\u00f5es; Ser possuidor de idade igual ou superior a 18 anos; Fazer-se acompanhar de um documento de identifica\u00e7\u00e3o pessoal, com fotografia, v\u00e1lido (ex: Bilhete de Identidade, Cart\u00e3o do Cidad\u00e3o, Carta de Condu\u00e7\u00e3o, Passaporte ou T\u00edtulo de [&hellip;]<\/p>\n","protected":false},"author":4,"featured_media":0,"parent":52,"menu_order":3,"comment_status":"closed","ping_status":"open","template":"home-panels.php","meta":{"footnotes":""},"class_list":["post-102","page","type-page","status-publish","hentry","post"],"yoast_head":"<!-- This site is optimized with the Yoast SEO Premium plugin v24.9 (Yoast SEO v24.9) - https:\/\/yoast.com\/wordpress\/plugins\/seo\/ -->\n<title>Requisitos para nos vender | JANTOBIL, Lda.<\/title>\n<meta name=\"description\" content=\"Requisitos para nos vender: ser o leg\u00edtimo propriet\u00e1rio; idade igual ou superior a 18 anos; acompanhar-se Cart\u00e3o do Cidad\u00e3o; assinar declara\u00e7\u00e3o de venda.\" \/>\n<meta name=\"robots\" content=\"index, follow, max-snippet:-1, max-image-preview:large, max-video-preview:-1\" \/>\n<link rel=\"canonical\" href=\"https:\/\/www.jantobil.com\/site\/jantobil\/requisitos-para-nos-vender\/\" \/>\n<meta property=\"og:locale\" content=\"en_US\" \/>\n<meta property=\"og:type\" content=\"article\" \/>\n<meta property=\"og:title\" content=\"Requisitos para nos vender\" \/>\n<meta property=\"og:description\" content=\"Requisitos para nos vender: ser o leg\u00edtimo propriet\u00e1rio; idade igual ou superior a 18 anos; acompanhar-se Cart\u00e3o do Cidad\u00e3o; assinar declara\u00e7\u00e3o de venda.\" \/>\n<meta property=\"og:url\" content=\"https:\/\/www.jantobil.com\/site\/jantobil\/requisitos-para-nos-vender\/\" \/>\n<meta property=\"og:site_name\" content=\"JANTOBIL, Lda.\" \/>\n<meta property=\"article:modified_time\" content=\"2020-06-15T19:25:13+00:00\" \/>\n<meta name=\"twitter:label1\" content=\"Est. reading time\" \/>\n\t<meta name=\"twitter:data1\" content=\"1 minute\" \/>\n<script type=\"application\/ld+json\" class=\"yoast-schema-graph\">{\"@context\":\"https:\/\/schema.org\",\"@graph\":[{\"@type\":\"WebPage\",\"@id\":\"https:\/\/www.jantobil.com\/site\/jantobil\/requisitos-para-nos-vender\/\",\"url\":\"https:\/\/www.jantobil.com\/site\/jantobil\/requisitos-para-nos-vender\/\",\"name\":\"Requisitos para nos vender | JANTOBIL, Lda.\",\"isPartOf\":{\"@id\":\"https:\/\/www.jantobil.com\/site\/#website\"},\"datePublished\":\"2015-02-16T12:33:31+00:00\",\"dateModified\":\"2020-06-15T19:25:13+00:00\",\"description\":\"Requisitos para nos vender: ser o leg\u00edtimo propriet\u00e1rio; idade igual ou superior a 18 anos; acompanhar-se Cart\u00e3o do Cidad\u00e3o; assinar declara\u00e7\u00e3o de venda.\",\"breadcrumb\":{\"@id\":\"https:\/\/www.jantobil.com\/site\/jantobil\/requisitos-para-nos-vender\/#breadcrumb\"},\"inLanguage\":\"en-US\",\"potentialAction\":[{\"@type\":\"ReadAction\",\"target\":[\"https:\/\/www.jantobil.com\/site\/jantobil\/requisitos-para-nos-vender\/\"]}]},{\"@type\":\"BreadcrumbList\",\"@id\":\"https:\/\/www.jantobil.com\/site\/jantobil\/requisitos-para-nos-vender\/#breadcrumb\",\"itemListElement\":[{\"@type\":\"ListItem\",\"position\":1,\"name\":\"In\u00edcio\",\"item\":\"https:\/\/www.jantobil.com\/site\/\"},{\"@type\":\"ListItem\",\"position\":2,\"name\":\"Jantobil\",\"item\":\"https:\/\/www.jantobil.com\/site\/jantobil\/\"},{\"@type\":\"ListItem\",\"position\":3,\"name\":\"Requisitos para nos vender\"}]},{\"@type\":\"WebSite\",\"@id\":\"https:\/\/www.jantobil.com\/site\/#website\",\"url\":\"https:\/\/www.jantobil.com\/site\/\",\"name\":\"JANTOBIL, Lda.\",\"description\":\"Com\u00e9rcio de Metais Preciosos\",\"potentialAction\":[{\"@type\":\"SearchAction\",\"target\":{\"@type\":\"EntryPoint\",\"urlTemplate\":\"https:\/\/www.jantobil.com\/site\/?s={search_term_string}\"},\"query-input\":{\"@type\":\"PropertyValueSpecification\",\"valueRequired\":true,\"valueName\":\"search_term_string\"}}],\"inLanguage\":\"en-US\"}]}<\/script>\n<!-- \/ Yoast SEO Premium plugin. -->","yoast_head_json":{"title":"Requisitos para nos vender | JANTOBIL, Lda.","description":"Requisitos para nos vender: ser o leg\u00edtimo propriet\u00e1rio; idade igual ou superior a 18 anos; acompanhar-se Cart\u00e3o do Cidad\u00e3o; assinar declara\u00e7\u00e3o de venda.","robots":{"index":"index","follow":"follow","max-snippet":"max-snippet:-1","max-image-preview":"max-image-preview:large","max-video-preview":"max-video-preview:-1"},"canonical":"https:\/\/www.jantobil.com\/site\/jantobil\/requisitos-para-nos-vender\/","og_locale":"en_US","og_type":"article","og_title":"Requisitos para nos vender","og_description":"Requisitos para nos vender: ser o leg\u00edtimo propriet\u00e1rio; idade igual ou superior a 18 anos; acompanhar-se Cart\u00e3o do Cidad\u00e3o; assinar declara\u00e7\u00e3o de venda.","og_url":"https:\/\/www.jantobil.com\/site\/jantobil\/requisitos-para-nos-vender\/","og_site_name":"JANTOBIL, Lda.","article_modified_time":"2020-06-15T19:25:13+00:00","twitter_misc":{"Est. reading time":"1 minute"},"schema":{"@context":"https:\/\/schema.org","@graph":[{"@type":"WebPage","@id":"https:\/\/www.jantobil.com\/site\/jantobil\/requisitos-para-nos-vender\/","url":"https:\/\/www.jantobil.com\/site\/jantobil\/requisitos-para-nos-vender\/","name":"Requisitos para nos vender | JANTOBIL, Lda.","isPartOf":{"@id":"https:\/\/www.jantobil.com\/site\/#website"},"datePublished":"2015-02-16T12:33:31+00:00","dateModified":"2020-06-15T19:25:13+00:00","description":"Requisitos para nos vender: ser o leg\u00edtimo propriet\u00e1rio; idade igual ou superior a 18 anos; acompanhar-se Cart\u00e3o do Cidad\u00e3o; assinar declara\u00e7\u00e3o de venda.","breadcrumb":{"@id":"https:\/\/www.jantobil.com\/site\/jantobil\/requisitos-para-nos-vender\/#breadcrumb"},"inLanguage":"en-US","potentialAction":[{"@type":"ReadAction","target":["https:\/\/www.jantobil.com\/site\/jantobil\/requisitos-para-nos-vender\/"]}]},{"@type":"BreadcrumbList","@id":"https:\/\/www.jantobil.com\/site\/jantobil\/requisitos-para-nos-vender\/#breadcrumb","itemListElement":[{"@type":"ListItem","position":1,"name":"In\u00edcio","item":"https:\/\/www.jantobil.com\/site\/"},{"@type":"ListItem","position":2,"name":"Jantobil","item":"https:\/\/www.jantobil.com\/site\/jantobil\/"},{"@type":"ListItem","position":3,"name":"Requisitos para nos vender"}]},{"@type":"WebSite","@id":"https:\/\/www.jantobil.com\/site\/#website","url":"https:\/\/www.jantobil.com\/site\/","name":"JANTOBIL, Lda.","description":"Com\u00e9rcio de Metais Preciosos","potentialAction":[{"@type":"SearchAction","target":{"@type":"EntryPoint","urlTemplate":"https:\/\/www.jantobil.com\/site\/?s={search_term_string}"},"query-input":{"@type":"PropertyValueSpecification","valueRequired":true,"valueName":"search_term_string"}}],"inLanguage":"en-US"}]}},"_links":{"self":[{"href":"https:\/\/www.jantobil.com\/site\/wp-json\/wp\/v2\/pages\/102"}],"collection":[{"href":"https:\/\/www.jantobil.com\/site\/wp-json\/wp\/v2\/pages"}],"about":[{"href":"https:\/\/www.jantobil.com\/site\/wp-json\/wp\/v2\/types\/page"}],"author":[{"embeddable":true,"href":"https:\/\/www.jantobil.com\/site\/wp-json\/wp\/v2\/users\/4"}],"replies":[{"embeddable":true,"href":"https:\/\/www.jantobil.com\/site\/wp-json\/wp\/v2\/comments?post=102"}],"version-history":[{"count":14,"href":"https:\/\/www.jantobil.com\/site\/wp-json\/wp\/v2\/pages\/102\/revisions"}],"predecessor-version":[{"id":372,"href":"https:\/\/www.jantobil.com\/site\/wp-json\/wp\/v2\/pages\/102\/revisions\/372"}],"up":[{"embeddable":true,"href":"https:\/\/www.jantobil.com\/site\/wp-json\/wp\/v2\/pages\/52"}],"wp:attachment":[{"href":"https:\/\/www.jantobil.com\/site\/wp-json\/wp\/v2\/media?parent=102"}],"curies":[{"name":"wp","href":"https:\/\/api.w.org\/{rel}","templated":true}]}}