{"id":104,"date":"2015-02-16T12:33:52","date_gmt":"2015-02-16T12:33:52","guid":{"rendered":"https:\/\/www.jantobil.com\/site\/?page_id=104"},"modified":"2020-06-15T19:26:29","modified_gmt":"2020-06-15T19:26:29","slug":"o-que-dizem-de-nos","status":"publish","type":"page","link":"https:\/\/www.jantobil.com\/site\/jantobil\/o-que-dizem-de-nos\/","title":{"rendered":"O que dizem de n\u00f3s"},"content":{"rendered":"<div id=\"pl-104\"  class=\"panel-layout\" ><div id=\"pg-104-0\"  class=\"panel-grid panel-has-style\" ><div class=\"panel-row-style-wide-default-pages panel-row-style panel-row-style-for-104-0\" ><div id=\"pgc-104-0-0\"  class=\"panel-grid-cell\" ><div id=\"panel-104-0-0-0\" class=\"so-panel widget widget_black-studio-tinymce widget_black_studio_tinymce panel-first-child panel-last-child\" data-index=\"0\" ><div class=\"widget-testimonal-feedback panel-widget-style panel-widget-style-for-104-0-0-0\" ><h3 class=\"widget-title\">O que dizem de n\u00f3s<\/h3><div class=\"textwidget\"><p><section class=\"testimonials-list style-one\">\n<article class=\"testimonials-159 testimonials\">\n<div class=\"testimonial-title\">Excelente Servi\u00e7o<\/div>\n<div class=\"testimonials-content\"><p>\u00d3ptimo servi\u00e7o, atendimento personalizado e muito eficiente. Processo de compra e venda muito simples e profissional. Recomendo a empresa e os seus servi\u00e7os.<\/p>\n<\/div>\n<div class=\"testimonials-meta\">\n<div class=\"author-pic thumb-medium\"><img loading=\"lazy\" decoding=\"async\" width=\"100\" height=\"100\" src=\"https:\/\/www.jantobil.com\/site\/wp-content\/uploads\/2015\/02\/male_default-100x100.png\" class=\"attachment-tm-thumb size-tm-thumb wp-post-image\" alt=\"\" srcset=\"https:\/\/www.jantobil.com\/site\/wp-content\/uploads\/2015\/02\/male_default-100x100.png 100w, https:\/\/www.jantobil.com\/site\/wp-content\/uploads\/2015\/02\/male_default-150x150.png 150w\" sizes=\"(max-width: 100px) 100vw, 100px\" \/><\/div>\n<span class=\"position\">an\u00f3nimo<\/span>\n<\/div>\n<\/article>\n<\/section>\n<\/p>\n<\/div><\/div><\/div><\/div><div id=\"pgc-104-0-1\"  class=\"panel-grid-cell\" ><div id=\"panel-104-0-1-0\" class=\"so-panel widget widget_search panel-first-child\" data-index=\"1\" >\n<form method=\"get\" id=\"searchform\" action=\"https:\/\/www.jantobil.com\/site\/\" role=\"search\">\n\t<label for=\"s\" class=\"assistive-text\">Search<\/label>\n\t<input type=\"text\" class=\"field\" name=\"s\" value=\"\" id=\"s\" placeholder=\"Search\" \/>\n\t<input type=\"submit\" class=\"submit\" name=\"submit\" id=\"searchsubmit\" value=\"Search\" \/>\n<\/form>\n<\/div><div id=\"panel-104-0-1-1\" class=\"so-panel widget widget_pages panel-last-child\" data-index=\"2\" ><h3 class=\"widget-title\">Sugest\u00f5es de leitura<\/h3>\n\t\t\t<ul>\n\t\t\t\t<li class=\"page_item page-item-96\"><a href=\"https:\/\/www.jantobil.com\/site\/jantobil\/sobre-nos\/\">Sobre n\u00f3s<\/a><\/li>\n<li class=\"page_item page-item-98\"><a href=\"https:\/\/www.jantobil.com\/site\/jantobil\/o-que-compramos\/\">O que compramos<\/a><\/li>\n<li class=\"page_item page-item-102\"><a href=\"https:\/\/www.jantobil.com\/site\/jantobil\/requisitos-para-nos-vender\/\">Requisitos para nos vender<\/a><\/li>\n\t\t\t<\/ul>\n\n\t\t\t<\/div><\/div><\/div><\/div><div id=\"pg-104-1\"  class=\"panel-grid panel-has-style\" ><div class=\"panel-row-style-wide-socialnetwork-share-grey panel-row-style panel-row-style-for-104-1\" ><div id=\"pgc-104-1-0\"  class=\"panel-grid-cell\" ><div id=\"panel-104-1-0-0\" class=\"so-panel widget panel-first-child panel-last-child\" data-index=\"3\" ><\/div><\/div><\/div><\/div><\/div>","protected":false},"excerpt":{"rendered":"<p>O que dizem de n\u00f3s<\/p>\n","protected":false},"author":4,"featured_media":0,"parent":52,"menu_order":4,"comment_status":"closed","ping_status":"open","template":"templates\/template-full-notitle.php","meta":{"footnotes":""},"class_list":["post-104","page","type-page","status-publish","hentry","post","post-with-thumbnail","post-with-thumbnail-large"],"yoast_head":"<!-- This site is optimized with the Yoast SEO Premium plugin v24.9 (Yoast SEO v24.9) - https:\/\/yoast.com\/wordpress\/plugins\/seo\/ -->\n<title>O que dizem de n\u00f3s | JANTOBIL, Lda.<\/title>\n<meta name=\"description\" content=\"o que dizem de n\u00f3s, todos os coment\u00e1rios dos nossos clientes impressos para que possa ter uma melhor ideia dos nossos servi\u00e7os\" \/>\n<meta name=\"robots\" content=\"index, follow, max-snippet:-1, max-image-preview:large, max-video-preview:-1\" \/>\n<link rel=\"canonical\" href=\"https:\/\/www.jantobil.com\/site\/jantobil\/o-que-dizem-de-nos\/\" \/>\n<meta property=\"og:locale\" content=\"en_US\" \/>\n<meta property=\"og:type\" content=\"article\" \/>\n<meta property=\"og:title\" content=\"O que dizem de n\u00f3s\" \/>\n<meta property=\"og:description\" content=\"o que dizem de n\u00f3s, todos os coment\u00e1rios dos nossos clientes impressos para que possa ter uma melhor ideia dos nossos servi\u00e7os\" \/>\n<meta property=\"og:url\" content=\"https:\/\/www.jantobil.com\/site\/jantobil\/o-que-dizem-de-nos\/\" \/>\n<meta property=\"og:site_name\" content=\"JANTOBIL, Lda.\" \/>\n<meta property=\"article:modified_time\" content=\"2020-06-15T19:26:29+00:00\" \/>\n<script type=\"application\/ld+json\" class=\"yoast-schema-graph\">{\"@context\":\"https:\/\/schema.org\",\"@graph\":[{\"@type\":\"WebPage\",\"@id\":\"https:\/\/www.jantobil.com\/site\/jantobil\/o-que-dizem-de-nos\/\",\"url\":\"https:\/\/www.jantobil.com\/site\/jantobil\/o-que-dizem-de-nos\/\",\"name\":\"O que dizem de n\u00f3s | JANTOBIL, Lda.\",\"isPartOf\":{\"@id\":\"https:\/\/www.jantobil.com\/site\/#website\"},\"datePublished\":\"2015-02-16T12:33:52+00:00\",\"dateModified\":\"2020-06-15T19:26:29+00:00\",\"description\":\"o que dizem de n\u00f3s, todos os coment\u00e1rios dos nossos clientes impressos para que possa ter uma melhor ideia dos nossos servi\u00e7os\",\"breadcrumb\":{\"@id\":\"https:\/\/www.jantobil.com\/site\/jantobil\/o-que-dizem-de-nos\/#breadcrumb\"},\"inLanguage\":\"en-US\",\"potentialAction\":[{\"@type\":\"ReadAction\",\"target\":[\"https:\/\/www.jantobil.com\/site\/jantobil\/o-que-dizem-de-nos\/\"]}]},{\"@type\":\"BreadcrumbList\",\"@id\":\"https:\/\/www.jantobil.com\/site\/jantobil\/o-que-dizem-de-nos\/#breadcrumb\",\"itemListElement\":[{\"@type\":\"ListItem\",\"position\":1,\"name\":\"In\u00edcio\",\"item\":\"https:\/\/www.jantobil.com\/site\/\"},{\"@type\":\"ListItem\",\"position\":2,\"name\":\"Jantobil\",\"item\":\"https:\/\/www.jantobil.com\/site\/jantobil\/\"},{\"@type\":\"ListItem\",\"position\":3,\"name\":\"O que dizem de n\u00f3s\"}]},{\"@type\":\"WebSite\",\"@id\":\"https:\/\/www.jantobil.com\/site\/#website\",\"url\":\"https:\/\/www.jantobil.com\/site\/\",\"name\":\"JANTOBIL, Lda.\",\"description\":\"Com\u00e9rcio de Metais Preciosos\",\"potentialAction\":[{\"@type\":\"SearchAction\",\"target\":{\"@type\":\"EntryPoint\",\"urlTemplate\":\"https:\/\/www.jantobil.com\/site\/?s={search_term_string}\"},\"query-input\":{\"@type\":\"PropertyValueSpecification\",\"valueRequired\":true,\"valueName\":\"search_term_string\"}}],\"inLanguage\":\"en-US\"}]}<\/script>\n<!-- \/ Yoast SEO Premium plugin. -->","yoast_head_json":{"title":"O que dizem de n\u00f3s | JANTOBIL, Lda.","description":"o que dizem de n\u00f3s, todos os coment\u00e1rios dos nossos clientes impressos para que possa ter uma melhor ideia dos nossos servi\u00e7os","robots":{"index":"index","follow":"follow","max-snippet":"max-snippet:-1","max-image-preview":"max-image-preview:large","max-video-preview":"max-video-preview:-1"},"canonical":"https:\/\/www.jantobil.com\/site\/jantobil\/o-que-dizem-de-nos\/","og_locale":"en_US","og_type":"article","og_title":"O que dizem de n\u00f3s","og_description":"o que dizem de n\u00f3s, todos os coment\u00e1rios dos nossos clientes impressos para que possa ter uma melhor ideia dos nossos servi\u00e7os","og_url":"https:\/\/www.jantobil.com\/site\/jantobil\/o-que-dizem-de-nos\/","og_site_name":"JANTOBIL, Lda.","article_modified_time":"2020-06-15T19:26:29+00:00","schema":{"@context":"https:\/\/schema.org","@graph":[{"@type":"WebPage","@id":"https:\/\/www.jantobil.com\/site\/jantobil\/o-que-dizem-de-nos\/","url":"https:\/\/www.jantobil.com\/site\/jantobil\/o-que-dizem-de-nos\/","name":"O que dizem de n\u00f3s | JANTOBIL, Lda.","isPartOf":{"@id":"https:\/\/www.jantobil.com\/site\/#website"},"datePublished":"2015-02-16T12:33:52+00:00","dateModified":"2020-06-15T19:26:29+00:00","description":"o que dizem de n\u00f3s, todos os coment\u00e1rios dos nossos clientes impressos para que possa ter uma melhor ideia dos nossos servi\u00e7os","breadcrumb":{"@id":"https:\/\/www.jantobil.com\/site\/jantobil\/o-que-dizem-de-nos\/#breadcrumb"},"inLanguage":"en-US","potentialAction":[{"@type":"ReadAction","target":["https:\/\/www.jantobil.com\/site\/jantobil\/o-que-dizem-de-nos\/"]}]},{"@type":"BreadcrumbList","@id":"https:\/\/www.jantobil.com\/site\/jantobil\/o-que-dizem-de-nos\/#breadcrumb","itemListElement":[{"@type":"ListItem","position":1,"name":"In\u00edcio","item":"https:\/\/www.jantobil.com\/site\/"},{"@type":"ListItem","position":2,"name":"Jantobil","item":"https:\/\/www.jantobil.com\/site\/jantobil\/"},{"@type":"ListItem","position":3,"name":"O que dizem de n\u00f3s"}]},{"@type":"WebSite","@id":"https:\/\/www.jantobil.com\/site\/#website","url":"https:\/\/www.jantobil.com\/site\/","name":"JANTOBIL, Lda.","description":"Com\u00e9rcio de Metais Preciosos","potentialAction":[{"@type":"SearchAction","target":{"@type":"EntryPoint","urlTemplate":"https:\/\/www.jantobil.com\/site\/?s={search_term_string}"},"query-input":{"@type":"PropertyValueSpecification","valueRequired":true,"valueName":"search_term_string"}}],"inLanguage":"en-US"}]}},"_links":{"self":[{"href":"https:\/\/www.jantobil.com\/site\/wp-json\/wp\/v2\/pages\/104"}],"collection":[{"href":"https:\/\/www.jantobil.com\/site\/wp-json\/wp\/v2\/pages"}],"about":[{"href":"https:\/\/www.jantobil.com\/site\/wp-json\/wp\/v2\/types\/page"}],"author":[{"embeddable":true,"href":"https:\/\/www.jantobil.com\/site\/wp-json\/wp\/v2\/users\/4"}],"replies":[{"embeddable":true,"href":"https:\/\/www.jantobil.com\/site\/wp-json\/wp\/v2\/comments?post=104"}],"version-history":[{"count":12,"href":"https:\/\/www.jantobil.com\/site\/wp-json\/wp\/v2\/pages\/104\/revisions"}],"predecessor-version":[{"id":381,"href":"https:\/\/www.jantobil.com\/site\/wp-json\/wp\/v2\/pages\/104\/revisions\/381"}],"up":[{"embeddable":true,"href":"https:\/\/www.jantobil.com\/site\/wp-json\/wp\/v2\/pages\/52"}],"wp:attachment":[{"href":"https:\/\/www.jantobil.com\/site\/wp-json\/wp\/v2\/media?parent=104"}],"curies":[{"name":"wp","href":"https:\/\/api.w.org\/{rel}","templated":true}]}}