{"id":264,"date":"2016-05-05T19:35:28","date_gmt":"2016-05-05T19:35:28","guid":{"rendered":"https:\/\/www.jantobil.com\/site\/?page_id=264"},"modified":"2020-10-01T21:58:56","modified_gmt":"2020-10-01T20:58:56","slug":"politica-de-privacidade-e-cookies","status":"publish","type":"page","link":"https:\/\/www.jantobil.com\/site\/politica-de-privacidade-e-cookies\/","title":{"rendered":"Pol\u00edtica de Privacidade e Cookies"},"content":{"rendered":"<div id=\"pl-264\"  class=\"panel-layout\" ><div id=\"pg-264-0\"  class=\"panel-grid panel-has-style\" ><div class=\"panel-row-style-wide-default-pages panel-row-style panel-row-style-for-264-0\" ><div id=\"pgc-264-0-0\"  class=\"panel-grid-cell\" ><div id=\"panel-264-0-0-0\" class=\"so-panel widget widget_black-studio-tinymce widget_black_studio_tinymce panel-first-child\" data-index=\"0\" ><div class=\"wide-default-pages-article panel-widget-style panel-widget-style-for-264-0-0-0\" ><h3 class=\"widget-title\">Pol\u00edtica de Privacidade<\/h3><div class=\"textwidget\"><p><strong>Quem somos<\/strong><br \/>\nO endere\u00e7o do nosso site \u00e9:\u00a0<a href=\"https:\/\/www.jantobil.com\" data-smscroll-disabled=\"true\">https:\/\/www.jantobil.com<\/a><br \/>\nO website Jantobil \u00e9 uma plataforma online que publica conte\u00fado sobre compra de ouro, pratas, j\u00f3ias, rel\u00f3gios e diamantes.<\/p>\n<p><strong>Formul\u00e1rios de contacto<\/strong><br \/>\nNo website Jantobil usamos cookies para armazenar informa\u00e7\u00e3o, tais como as suas prefer\u00eancias pessoais quando visita o nosso website. Isto poder\u00e1 incluir um simples popup, ou uma liga\u00e7\u00e3o em v\u00e1rios servi\u00e7os que providencia.<\/p>\n<p>Det\u00e9m o poder de desligar os seus cookies, nas op\u00e7\u00f5es do seu browser, ou efetuando altera\u00e7\u00f5es nas ferramentas de programas Antiv\u00edrus. Todavia, isso poder\u00e1 alterar a forma como interage com a nossa plataforma.<\/p>\n<p><strong>Conte\u00fado incorporado de outros sites<\/strong><br \/>\nOs artigos neste site podem incluir conte\u00fado incorporado (por exemplo: v\u00eddeos, imagens, artigos, etc.). Este site pode recolher dados sobre si, usar \u201ccookies\u201da, incorporar rastreio feito por terceiros, monitorizar as suas intera\u00e7\u00f5es com o mesmo, incluindo registar as intera\u00e7\u00f5es com conte\u00fado incorporado se tiver uma conta e estiver com sess\u00e3o iniciada nesse site.<\/p>\n<p><strong>Dados anal\u00edticos<\/strong><br \/>\nSe submeteu os seus dados neste site, pode pedir para receber um ficheiro de exporta\u00e7\u00e3o com os dados pessoais guardados sobre si, incluindo qualquer dado pessoal que indicou. Tamb\u00e9m pode solicitar que os dados guardados sejam eliminados. Isto n\u00e3o inclui qualquer dado pessoal que seja obrigat\u00f3rio manter para fins administrativos, legais ou de seguran\u00e7a.<\/p>\n<p><strong>Para onde s\u00e3o enviados os seus dados<\/strong><br \/>\nOs seus dados podem ser verificados atrav\u00e9s de um servi\u00e7o autom\u00e1tico de dete\u00e7\u00e3o de spam.<\/p>\n<p><strong>Tratamento de dados do site<\/strong><br \/>\nTodos os dados coletados no site servem apenas e exclusivamente para o Jantobil, empresa detentora do website, receber pedidos de contacto, manter rela\u00e7\u00e3o com utilizadores que acompanham o seu trabalho, partilhar trabalhos e outro conte\u00fado relevante.<\/p>\n<p><strong>Consentimentos<\/strong><br \/>\nAo subscrever a nossa newsletter d\u00e1 permiss\u00e3o para que os seus dados sejam usados para distribui\u00e7\u00e3o de conte\u00fado por parte da empresa Jantobil. De real\u00e7ar, que, em todas as comunica\u00e7\u00f5es por email ter\u00e1 sempre a possibilidade de remover a sua subscri\u00e7\u00e3o.<\/p>\n<p><strong>Controle de privacidade<\/strong><br \/>\nN\u00e3o publicamos quaisquer dados relacionados com as Empresas e\/ou Leitores exceto o trabalho realizado e que inclui o portef\u00f3lio. Os contatos t\u00eam por base o correio eletr\u00f3nico sendo que quaisquer contactos com Empresas ou particulares ser\u00e3o efetuados por email ou formul\u00e1rio. O utilizador aceita o uso de cookies e segmentos de IPs. Se o utilizador desejar, pode descativar e\/ou eliminar os cookies seguindo as instru\u00e7\u00f5es do seu navegador.<\/p>\n<\/div><\/div><\/div><div id=\"panel-264-0-0-1\" class=\"so-panel widget widget_black-studio-tinymce widget_black_studio_tinymce panel-last-child\" data-index=\"1\" ><div class=\"wide-default-pages-article panel-widget-style panel-widget-style-for-264-0-0-1\" ><h3 class=\"widget-title\">Pol\u00edtica de Cookies<\/h3><div class=\"textwidget\"><p>Este site utiliza cookies (s\u00e3o pequenos ficheiros de texto armazenados no computador do visitante). Estes cookies s\u00e3o usados para ajudar a providenciar uma melhor experi\u00eancia na utiliza\u00e7\u00e3o do site.<\/p>\n<p>Geralmente s\u00e3o armazenados nos cookies as prefer\u00eancias do utilizador sobre este site. \u00c9 comum serem recolhidas diversas informa\u00e7\u00f5es, atrav\u00e9s do Google Analytics, como a localiza\u00e7\u00e3o do utilizador, o navegador ou dispositivo que utiliza para aceder ao nosso site. Esta informa\u00e7\u00e3o \u00e9 apenas estat\u00edstica e serve para o desenvolvedor deste site ter conhecimento do seu p\u00fablico alvo, para que desta forma, lhe possa disponibilizar um servi\u00e7o de excel\u00eancia.<\/p>\n<p>Como regra, os cookies permitem uma melhor experi\u00eancia de navega\u00e7\u00e3o aos utilizadores de qualquer site web. De qualquer modo, voc\u00ea poder\u00e1 desativar\u00a0os cookies para este site e\u00a0para outros.<\/p>\n<p>A melhor forma de desativar\u00a0o uso de cookies para qualquer web site \u00e9 atrav\u00e9s do navegador. N\u00f3s sugerimos que verifique a Ajuda do seu navegador e que procure informa\u00e7\u00f5es sobre a desativa\u00e7\u00e3o de cookies.<\/p>\n<p>Caso queira continuar a usufruir de uma melhor experi\u00eancia de navega\u00e7\u00e3o no nosso site, aconselhamo-lo a ativar a utiliza\u00e7\u00e3o de cookies.<\/p>\n<\/div><\/div><\/div><\/div><div id=\"pgc-264-0-1\"  class=\"panel-grid-cell\" ><div id=\"panel-264-0-1-0\" class=\"so-panel widget widget_search panel-first-child\" data-index=\"2\" >\n<form method=\"get\" id=\"searchform\" action=\"https:\/\/www.jantobil.com\/site\/\" role=\"search\">\n\t<label for=\"s\" class=\"assistive-text\">Search<\/label>\n\t<input type=\"text\" class=\"field\" name=\"s\" value=\"\" id=\"s\" placeholder=\"Search\" \/>\n\t<input type=\"submit\" class=\"submit\" name=\"submit\" id=\"searchsubmit\" value=\"Search\" \/>\n<\/form>\n<\/div><div id=\"panel-264-0-1-1\" class=\"so-panel widget widget_black-studio-tinymce widget_black_studio_tinymce panel-last-child\" data-index=\"3\" ><h3 class=\"widget-title\">Contactos<\/h3><div class=\"textwidget\"><p><strong>tel.:<\/strong>\u00a0(+351) 256 413 289<\/p>\n<p><strong>telem.:<\/strong>\u00a0(+351)\u00a0917 812 543<\/p>\n<p><strong>email:<\/strong>\u00a0<a href=\"mailto:jantobil@hotmail.com\">jantobil@hotmail.com<\/a><\/p>\n<\/div><\/div><\/div><\/div><\/div><\/div>","protected":false},"excerpt":{"rendered":"<p>Quem somos O endere\u00e7o do nosso site \u00e9:\u00a0https:\/\/www.jantobil.com O website Jantobil \u00e9 uma plataforma online que publica conte\u00fado sobre compra de ouro, pratas, j\u00f3ias, rel\u00f3gios e diamantes. Formul\u00e1rios de contacto No website Jantobil usamos cookies para armazenar informa\u00e7\u00e3o, tais como as suas prefer\u00eancias pessoais quando visita o nosso website. Isto poder\u00e1 incluir um simples popup, [&hellip;]<\/p>\n","protected":false},"author":4,"featured_media":0,"parent":0,"menu_order":0,"comment_status":"closed","ping_status":"closed","template":"templates\/template-full-notitle.php","meta":{"footnotes":""},"class_list":["post-264","page","type-page","status-publish","hentry","post"],"yoast_head":"<!-- This site is optimized with the Yoast SEO Premium plugin v24.9 (Yoast SEO v24.9) - https:\/\/yoast.com\/wordpress\/plugins\/seo\/ -->\n<title>Pol\u00edtica de Privacidade e Cookies | JANTOBIL, Lda.<\/title>\n<meta name=\"description\" content=\"Este site utiliza cookies, os quais ajudam o desenvolvedor a perceber melhor o seu p\u00fablico alvo, permitindo-lhe assim disponibilizar uma melhor experi\u00eancia.\" \/>\n<meta name=\"robots\" content=\"index, follow, max-snippet:-1, max-image-preview:large, max-video-preview:-1\" \/>\n<link rel=\"canonical\" href=\"https:\/\/www.jantobil.com\/site\/politica-de-privacidade-e-cookies\/\" \/>\n<meta property=\"og:locale\" content=\"en_US\" \/>\n<meta property=\"og:type\" content=\"article\" \/>\n<meta property=\"og:title\" content=\"Pol\u00edtica de Privacidade e Cookies\" \/>\n<meta property=\"og:description\" content=\"Este site utiliza cookies, os quais ajudam o desenvolvedor a perceber melhor o seu p\u00fablico alvo, permitindo-lhe assim disponibilizar uma melhor experi\u00eancia.\" \/>\n<meta property=\"og:url\" content=\"https:\/\/www.jantobil.com\/site\/politica-de-privacidade-e-cookies\/\" \/>\n<meta property=\"og:site_name\" content=\"JANTOBIL, Lda.\" \/>\n<meta property=\"article:modified_time\" content=\"2020-10-01T20:58:56+00:00\" \/>\n<meta name=\"twitter:label1\" content=\"Est. reading time\" \/>\n\t<meta name=\"twitter:data1\" content=\"3 minutes\" \/>\n<script type=\"application\/ld+json\" class=\"yoast-schema-graph\">{\"@context\":\"https:\/\/schema.org\",\"@graph\":[{\"@type\":\"WebPage\",\"@id\":\"https:\/\/www.jantobil.com\/site\/politica-de-privacidade-e-cookies\/\",\"url\":\"https:\/\/www.jantobil.com\/site\/politica-de-privacidade-e-cookies\/\",\"name\":\"Pol\u00edtica de Privacidade e Cookies | JANTOBIL, Lda.\",\"isPartOf\":{\"@id\":\"https:\/\/www.jantobil.com\/site\/#website\"},\"datePublished\":\"2016-05-05T19:35:28+00:00\",\"dateModified\":\"2020-10-01T20:58:56+00:00\",\"description\":\"Este site utiliza cookies, os quais ajudam o desenvolvedor a perceber melhor o seu p\u00fablico alvo, permitindo-lhe assim disponibilizar uma melhor experi\u00eancia.\",\"breadcrumb\":{\"@id\":\"https:\/\/www.jantobil.com\/site\/politica-de-privacidade-e-cookies\/#breadcrumb\"},\"inLanguage\":\"en-US\",\"potentialAction\":[{\"@type\":\"ReadAction\",\"target\":[\"https:\/\/www.jantobil.com\/site\/politica-de-privacidade-e-cookies\/\"]}]},{\"@type\":\"BreadcrumbList\",\"@id\":\"https:\/\/www.jantobil.com\/site\/politica-de-privacidade-e-cookies\/#breadcrumb\",\"itemListElement\":[{\"@type\":\"ListItem\",\"position\":1,\"name\":\"In\u00edcio\",\"item\":\"https:\/\/www.jantobil.com\/site\/\"},{\"@type\":\"ListItem\",\"position\":2,\"name\":\"Pol\u00edtica de Privacidade e Cookies\"}]},{\"@type\":\"WebSite\",\"@id\":\"https:\/\/www.jantobil.com\/site\/#website\",\"url\":\"https:\/\/www.jantobil.com\/site\/\",\"name\":\"JANTOBIL, Lda.\",\"description\":\"Com\u00e9rcio de Metais Preciosos\",\"potentialAction\":[{\"@type\":\"SearchAction\",\"target\":{\"@type\":\"EntryPoint\",\"urlTemplate\":\"https:\/\/www.jantobil.com\/site\/?s={search_term_string}\"},\"query-input\":{\"@type\":\"PropertyValueSpecification\",\"valueRequired\":true,\"valueName\":\"search_term_string\"}}],\"inLanguage\":\"en-US\"}]}<\/script>\n<!-- \/ Yoast SEO Premium plugin. -->","yoast_head_json":{"title":"Pol\u00edtica de Privacidade e Cookies | JANTOBIL, Lda.","description":"Este site utiliza cookies, os quais ajudam o desenvolvedor a perceber melhor o seu p\u00fablico alvo, permitindo-lhe assim disponibilizar uma melhor experi\u00eancia.","robots":{"index":"index","follow":"follow","max-snippet":"max-snippet:-1","max-image-preview":"max-image-preview:large","max-video-preview":"max-video-preview:-1"},"canonical":"https:\/\/www.jantobil.com\/site\/politica-de-privacidade-e-cookies\/","og_locale":"en_US","og_type":"article","og_title":"Pol\u00edtica de Privacidade e Cookies","og_description":"Este site utiliza cookies, os quais ajudam o desenvolvedor a perceber melhor o seu p\u00fablico alvo, permitindo-lhe assim disponibilizar uma melhor experi\u00eancia.","og_url":"https:\/\/www.jantobil.com\/site\/politica-de-privacidade-e-cookies\/","og_site_name":"JANTOBIL, Lda.","article_modified_time":"2020-10-01T20:58:56+00:00","twitter_misc":{"Est. reading time":"3 minutes"},"schema":{"@context":"https:\/\/schema.org","@graph":[{"@type":"WebPage","@id":"https:\/\/www.jantobil.com\/site\/politica-de-privacidade-e-cookies\/","url":"https:\/\/www.jantobil.com\/site\/politica-de-privacidade-e-cookies\/","name":"Pol\u00edtica de Privacidade e Cookies | JANTOBIL, Lda.","isPartOf":{"@id":"https:\/\/www.jantobil.com\/site\/#website"},"datePublished":"2016-05-05T19:35:28+00:00","dateModified":"2020-10-01T20:58:56+00:00","description":"Este site utiliza cookies, os quais ajudam o desenvolvedor a perceber melhor o seu p\u00fablico alvo, permitindo-lhe assim disponibilizar uma melhor experi\u00eancia.","breadcrumb":{"@id":"https:\/\/www.jantobil.com\/site\/politica-de-privacidade-e-cookies\/#breadcrumb"},"inLanguage":"en-US","potentialAction":[{"@type":"ReadAction","target":["https:\/\/www.jantobil.com\/site\/politica-de-privacidade-e-cookies\/"]}]},{"@type":"BreadcrumbList","@id":"https:\/\/www.jantobil.com\/site\/politica-de-privacidade-e-cookies\/#breadcrumb","itemListElement":[{"@type":"ListItem","position":1,"name":"In\u00edcio","item":"https:\/\/www.jantobil.com\/site\/"},{"@type":"ListItem","position":2,"name":"Pol\u00edtica de Privacidade e Cookies"}]},{"@type":"WebSite","@id":"https:\/\/www.jantobil.com\/site\/#website","url":"https:\/\/www.jantobil.com\/site\/","name":"JANTOBIL, Lda.","description":"Com\u00e9rcio de Metais Preciosos","potentialAction":[{"@type":"SearchAction","target":{"@type":"EntryPoint","urlTemplate":"https:\/\/www.jantobil.com\/site\/?s={search_term_string}"},"query-input":{"@type":"PropertyValueSpecification","valueRequired":true,"valueName":"search_term_string"}}],"inLanguage":"en-US"}]}},"_links":{"self":[{"href":"https:\/\/www.jantobil.com\/site\/wp-json\/wp\/v2\/pages\/264"}],"collection":[{"href":"https:\/\/www.jantobil.com\/site\/wp-json\/wp\/v2\/pages"}],"about":[{"href":"https:\/\/www.jantobil.com\/site\/wp-json\/wp\/v2\/types\/page"}],"author":[{"embeddable":true,"href":"https:\/\/www.jantobil.com\/site\/wp-json\/wp\/v2\/users\/4"}],"replies":[{"embeddable":true,"href":"https:\/\/www.jantobil.com\/site\/wp-json\/wp\/v2\/comments?post=264"}],"version-history":[{"count":21,"href":"https:\/\/www.jantobil.com\/site\/wp-json\/wp\/v2\/pages\/264\/revisions"}],"predecessor-version":[{"id":566,"href":"https:\/\/www.jantobil.com\/site\/wp-json\/wp\/v2\/pages\/264\/revisions\/566"}],"wp:attachment":[{"href":"https:\/\/www.jantobil.com\/site\/wp-json\/wp\/v2\/media?parent=264"}],"curies":[{"name":"wp","href":"https:\/\/api.w.org\/{rel}","templated":true}]}}