{"id":46,"date":"2015-02-10T11:43:55","date_gmt":"2015-02-10T11:43:55","guid":{"rendered":"https:\/\/www.jantobil.com\/site\/?page_id=46"},"modified":"2022-12-08T07:57:12","modified_gmt":"2022-12-08T07:57:12","slug":"contacte-nos","status":"publish","type":"page","link":"https:\/\/www.jantobil.com\/site\/contacte-nos\/","title":{"rendered":"Contacte-nos"},"content":{"rendered":"<div id=\"pl-46\"  class=\"panel-layout\" ><div id=\"pg-46-0\"  class=\"panel-grid panel-has-style\" ><div class=\"panel-row-style-wide-default-pages panel-row-style panel-row-style-for-46-0\" ><div id=\"pgc-46-0-0\"  class=\"panel-grid-cell\" ><div id=\"panel-46-0-0-0\" class=\"so-panel widget widget_text panel-first-child\" data-index=\"0\" >\t\t\t<div class=\"textwidget\">Se tiver algum tipo de d\u00favida, sugest\u00e3o ou se necessitar dos nossos servi\u00e7os, poder\u00e1 contactar-nos atrav\u00e9s do preenchimento deste formul\u00e1rio a qualquer momento... estaremos sempre dispon\u00edveis para si...<\/div>\n\t\t<\/div><div id=\"panel-46-0-0-1\" class=\"widget_text so-panel widget widget_custom_html panel-last-child\" data-index=\"1\" ><div class=\"textwidget custom-html-widget\">\n<div class=\"wpcf7 no-js\" id=\"wpcf7-f520-o1\" lang=\"pt-PT\" dir=\"ltr\">\n<div class=\"screen-reader-response\"><p role=\"status\" aria-live=\"polite\" aria-atomic=\"true\"><\/p> <ul><\/ul><\/div>\n<form action=\"\/site\/wp-json\/wp\/v2\/pages\/46?lang=en#wpcf7-f520-o1\" method=\"post\" class=\"wpcf7-form init\" aria-label=\"Formul\u00e1rio de contacto\" novalidate=\"novalidate\" data-status=\"init\">\n<div style=\"display: none;\">\n<input type=\"hidden\" name=\"_wpcf7\" value=\"520\" \/>\n<input type=\"hidden\" name=\"_wpcf7_version\" value=\"5.9.7\" \/>\n<input type=\"hidden\" name=\"_wpcf7_locale\" value=\"pt_PT\" \/>\n<input type=\"hidden\" name=\"_wpcf7_unit_tag\" value=\"wpcf7-f520-o1\" \/>\n<input type=\"hidden\" name=\"_wpcf7_container_post\" value=\"0\" \/>\n<input type=\"hidden\" name=\"_wpcf7_posted_data_hash\" value=\"\" \/>\n<input type=\"hidden\" name=\"_wpcf7_recaptcha_response\" value=\"\" \/>\n<\/div>\n<div id=\"responsive-form\" class=\"clearfix\">\n\t<div class=\"form-row\">\n\t\t<div class=\"column-full\">\n\t\t\t<p><span class=\"wpcf7-form-control-wrap\" data-name=\"your-name\"><input size=\"40\" maxlength=\"400\" class=\"wpcf7-form-control wpcf7-text wpcf7-validates-as-required\" aria-required=\"true\" aria-invalid=\"false\" placeholder=\"O seu nome*\" value=\"\" type=\"text\" name=\"your-name\" \/><\/span>\n\t\t\t<\/p>\n\t\t<\/div>\n\t\t<div class=\"column-full\">\n\t\t\t<p><span class=\"wpcf7-form-control-wrap\" data-name=\"your-phone\"><input size=\"40\" maxlength=\"400\" class=\"wpcf7-form-control wpcf7-text wpcf7-validates-as-required\" aria-required=\"true\" aria-invalid=\"false\" placeholder=\"O seu contacto telef\u00f3nico*\" value=\"\" type=\"text\" name=\"your-phone\" \/><\/span>\n\t\t\t<\/p>\n\t\t<\/div>\n\t<\/div>\n\t<div class=\"form-row\">\n\t\t<div class=\"column-full\">\n\t\t\t<p><span class=\"wpcf7-form-control-wrap\" data-name=\"your-email\"><input size=\"40\" maxlength=\"400\" class=\"wpcf7-form-control wpcf7-email wpcf7-validates-as-required wpcf7-text wpcf7-validates-as-email\" aria-required=\"true\" aria-invalid=\"false\" placeholder=\"O seu e-mail*\" value=\"\" type=\"email\" name=\"your-email\" \/><\/span>\n\t\t\t<\/p>\n\t\t<\/div>\n\t<\/div>\n\t<div class=\"form-row\">\n\t\t<div class=\"column-full\">\n\t\t\t<p><span class=\"wpcf7-form-control-wrap\" data-name=\"your-message\"><textarea cols=\"40\" rows=\"10\" maxlength=\"2000\" class=\"wpcf7-form-control wpcf7-textarea wpcf7-validates-as-required\" aria-required=\"true\" aria-invalid=\"false\" placeholder=\"A sua mensagem*\" name=\"your-message\"><\/textarea><\/span>\n\t\t\t<\/p>\n\t\t<\/div>\n\t<\/div>\n\t<div class=\"form-row\">\n\t\t<div class=\"column-full-2\" style=\"margin-top: 14px;\">\n\t\t\t<p><span class=\"wpcf7-form-control-wrap\" data-name=\"acceptance-88\"><span class=\"wpcf7-form-control wpcf7-acceptance\"><span class=\"wpcf7-list-item\"><input type=\"checkbox\" name=\"acceptance-88\" value=\"1\" aria-invalid=\"false\" \/><\/span><\/span><\/span> Li e aceito a <a href=\"\/site\/politica-de-privacidade\" target=\"_blank\" rel=\"noopener\">pol\u00edtica de privacidade<\/a> e prote\u00e7\u00e3o de dados pessoais da Jantobil. *\n\t\t\t<\/p>\n\t\t<\/div>\n\t<\/div>\n\t<div class=\"form-row\">\n\t\t<div class=\"column-full\">\n\t\t\t<p><input class=\"wpcf7-form-control wpcf7-submit has-spinner\" type=\"submit\" value=\"Enviar mensagem\" \/>\n\t\t\t<\/p>\n\t\t<\/div>\n\t<\/div>\n\t<div class=\"form-row\">\n\t\t<div class=\"column-full-2\" style=\"margin-top: 40px;padding-left: 13px;\">\n\t\t\t<p>Este website \u00e9 protegido com o reCAPTCHA sendo que se aplicam a <a href=\"https:\/\/policies.google.com\/privacy\">Pol\u00edtica de Privacidade<\/a> e <a href=\"https:\/\/policies.google.com\/terms\">Termos de Servi\u00e7o<\/a> da Google.\n\t\t\t<\/p>\n\t\t<\/div>\n\t<\/div>\n<\/div><div class=\"wpcf7-response-output\" aria-hidden=\"true\"><\/div>\n<\/form>\n<\/div>\n<\/div><\/div><\/div><div id=\"pgc-46-0-1\"  class=\"panel-grid-cell\" ><div id=\"panel-46-0-1-0\" class=\"so-panel widget widget_search panel-first-child\" data-index=\"2\" >\n<form method=\"get\" id=\"searchform\" action=\"https:\/\/www.jantobil.com\/site\/\" role=\"search\">\n\t<label for=\"s\" class=\"assistive-text\">Search<\/label>\n\t<input type=\"text\" class=\"field\" name=\"s\" value=\"\" id=\"s\" placeholder=\"Search\" \/>\n\t<input type=\"submit\" class=\"submit\" name=\"submit\" id=\"searchsubmit\" value=\"Search\" \/>\n<\/form>\n<\/div><div id=\"panel-46-0-1-1\" class=\"so-panel widget widget_pages\" data-index=\"3\" ><h3 class=\"widget-title\">Sugest\u00f5es<\/h3>\n\t\t\t<ul>\n\t\t\t\t<li class=\"page_item page-item-49\"><a href=\"https:\/\/www.jantobil.com\/site\/lojas-de-compra-de-ouro-usado\/\">Lojas<\/a><\/li>\n\t\t\t<\/ul>\n\n\t\t\t<\/div><div id=\"panel-46-0-1-2\" class=\"so-panel widget widget_black-studio-tinymce widget_black_studio_tinymce panel-last-child\" data-index=\"4\" ><h3 class=\"widget-title\">Outros contactos<\/h3><div class=\"textwidget\"><p><strong>Tel.:<\/strong>\u00a0<a href=\"tel:+351917812543\">(+351) 256 413 289<\/a><br \/>\n<span style=\"font-size:12px;\">(Chamada para a rede fixa nacional)<\/span><\/p>\n<p><strong>Telem.:<\/strong>\u00a0<a href=\"tel:+351917812543\">(+351)\u00a0917 812 543<\/a><br \/>\n<span style=\"font-size:12px;\">(Chamada para a rede m\u00f3vel nacional)<\/span><\/p>\n<p><strong>Email:<\/strong> <a href=\"mailto:jantobil@hotmail.com\">jantobil@hotmail.com<\/a><\/p>\n<\/div><\/div><\/div><\/div><\/div><\/div>","protected":false},"excerpt":{"rendered":"<p>Se tiver algum tipo de d\u00favida, sugest\u00e3o ou se necessitar dos nossos servi\u00e7os, poder\u00e1 contactar-nos atrav\u00e9s do preenchimento deste formul\u00e1rio a qualquer momento&#8230; estaremos sempre dispon\u00edveis para si&#8230; Tel.:\u00a0(+351) 256 413 289 (Chamada para a rede fixa nacional) Telem.:\u00a0(+351)\u00a0917 812 543 (Chamada para a rede m\u00f3vel nacional) Email: jantobil@hotmail.com<\/p>\n","protected":false},"author":4,"featured_media":0,"parent":0,"menu_order":5,"comment_status":"closed","ping_status":"open","template":"templates\/template-full.php","meta":{"footnotes":""},"class_list":["post-46","page","type-page","status-publish","hentry","post"],"yoast_head":"<!-- This site is optimized with the Yoast SEO Premium plugin v24.9 (Yoast SEO v24.9) - https:\/\/yoast.com\/wordpress\/plugins\/seo\/ -->\n<title>Contacte-nos | JANTOBIL, Lda.<\/title>\n<meta name=\"description\" content=\"Se tiver algum tipo de d\u00favida, sugest\u00e3o ou se necessitar dos nossos servi\u00e7os, poder\u00e1 contactar-nos atrav\u00e9s do preenchimento deste formul\u00e1rio...\" \/>\n<meta name=\"robots\" content=\"index, follow, max-snippet:-1, max-image-preview:large, max-video-preview:-1\" \/>\n<link rel=\"canonical\" href=\"https:\/\/www.jantobil.com\/site\/contacte-nos\/\" \/>\n<meta property=\"og:locale\" content=\"en_US\" \/>\n<meta property=\"og:type\" content=\"article\" \/>\n<meta property=\"og:title\" content=\"Contacte-nos\" \/>\n<meta property=\"og:description\" content=\"Se tiver algum tipo de d\u00favida, sugest\u00e3o ou se necessitar dos nossos servi\u00e7os, poder\u00e1 contactar-nos atrav\u00e9s do preenchimento deste formul\u00e1rio...\" \/>\n<meta property=\"og:url\" content=\"https:\/\/www.jantobil.com\/site\/contacte-nos\/\" \/>\n<meta property=\"og:site_name\" content=\"JANTOBIL, Lda.\" \/>\n<meta property=\"article:modified_time\" content=\"2022-12-08T07:57:12+00:00\" \/>\n<script type=\"application\/ld+json\" class=\"yoast-schema-graph\">{\"@context\":\"https:\/\/schema.org\",\"@graph\":[{\"@type\":\"WebPage\",\"@id\":\"https:\/\/www.jantobil.com\/site\/contacte-nos\/\",\"url\":\"https:\/\/www.jantobil.com\/site\/contacte-nos\/\",\"name\":\"Contacte-nos | JANTOBIL, Lda.\",\"isPartOf\":{\"@id\":\"https:\/\/www.jantobil.com\/site\/#website\"},\"datePublished\":\"2015-02-10T11:43:55+00:00\",\"dateModified\":\"2022-12-08T07:57:12+00:00\",\"description\":\"Se tiver algum tipo de d\u00favida, sugest\u00e3o ou se necessitar dos nossos servi\u00e7os, poder\u00e1 contactar-nos atrav\u00e9s do preenchimento deste formul\u00e1rio...\",\"breadcrumb\":{\"@id\":\"https:\/\/www.jantobil.com\/site\/contacte-nos\/#breadcrumb\"},\"inLanguage\":\"en-US\",\"potentialAction\":[{\"@type\":\"ReadAction\",\"target\":[\"https:\/\/www.jantobil.com\/site\/contacte-nos\/\"]}]},{\"@type\":\"BreadcrumbList\",\"@id\":\"https:\/\/www.jantobil.com\/site\/contacte-nos\/#breadcrumb\",\"itemListElement\":[{\"@type\":\"ListItem\",\"position\":1,\"name\":\"In\u00edcio\",\"item\":\"https:\/\/www.jantobil.com\/site\/\"},{\"@type\":\"ListItem\",\"position\":2,\"name\":\"Contacte-nos\"}]},{\"@type\":\"WebSite\",\"@id\":\"https:\/\/www.jantobil.com\/site\/#website\",\"url\":\"https:\/\/www.jantobil.com\/site\/\",\"name\":\"JANTOBIL, Lda.\",\"description\":\"Com\u00e9rcio de Metais Preciosos\",\"potentialAction\":[{\"@type\":\"SearchAction\",\"target\":{\"@type\":\"EntryPoint\",\"urlTemplate\":\"https:\/\/www.jantobil.com\/site\/?s={search_term_string}\"},\"query-input\":{\"@type\":\"PropertyValueSpecification\",\"valueRequired\":true,\"valueName\":\"search_term_string\"}}],\"inLanguage\":\"en-US\"}]}<\/script>\n<!-- \/ Yoast SEO Premium plugin. -->","yoast_head_json":{"title":"Contacte-nos | JANTOBIL, Lda.","description":"Se tiver algum tipo de d\u00favida, sugest\u00e3o ou se necessitar dos nossos servi\u00e7os, poder\u00e1 contactar-nos atrav\u00e9s do preenchimento deste formul\u00e1rio...","robots":{"index":"index","follow":"follow","max-snippet":"max-snippet:-1","max-image-preview":"max-image-preview:large","max-video-preview":"max-video-preview:-1"},"canonical":"https:\/\/www.jantobil.com\/site\/contacte-nos\/","og_locale":"en_US","og_type":"article","og_title":"Contacte-nos","og_description":"Se tiver algum tipo de d\u00favida, sugest\u00e3o ou se necessitar dos nossos servi\u00e7os, poder\u00e1 contactar-nos atrav\u00e9s do preenchimento deste formul\u00e1rio...","og_url":"https:\/\/www.jantobil.com\/site\/contacte-nos\/","og_site_name":"JANTOBIL, Lda.","article_modified_time":"2022-12-08T07:57:12+00:00","schema":{"@context":"https:\/\/schema.org","@graph":[{"@type":"WebPage","@id":"https:\/\/www.jantobil.com\/site\/contacte-nos\/","url":"https:\/\/www.jantobil.com\/site\/contacte-nos\/","name":"Contacte-nos | JANTOBIL, Lda.","isPartOf":{"@id":"https:\/\/www.jantobil.com\/site\/#website"},"datePublished":"2015-02-10T11:43:55+00:00","dateModified":"2022-12-08T07:57:12+00:00","description":"Se tiver algum tipo de d\u00favida, sugest\u00e3o ou se necessitar dos nossos servi\u00e7os, poder\u00e1 contactar-nos atrav\u00e9s do preenchimento deste formul\u00e1rio...","breadcrumb":{"@id":"https:\/\/www.jantobil.com\/site\/contacte-nos\/#breadcrumb"},"inLanguage":"en-US","potentialAction":[{"@type":"ReadAction","target":["https:\/\/www.jantobil.com\/site\/contacte-nos\/"]}]},{"@type":"BreadcrumbList","@id":"https:\/\/www.jantobil.com\/site\/contacte-nos\/#breadcrumb","itemListElement":[{"@type":"ListItem","position":1,"name":"In\u00edcio","item":"https:\/\/www.jantobil.com\/site\/"},{"@type":"ListItem","position":2,"name":"Contacte-nos"}]},{"@type":"WebSite","@id":"https:\/\/www.jantobil.com\/site\/#website","url":"https:\/\/www.jantobil.com\/site\/","name":"JANTOBIL, Lda.","description":"Com\u00e9rcio de Metais Preciosos","potentialAction":[{"@type":"SearchAction","target":{"@type":"EntryPoint","urlTemplate":"https:\/\/www.jantobil.com\/site\/?s={search_term_string}"},"query-input":{"@type":"PropertyValueSpecification","valueRequired":true,"valueName":"search_term_string"}}],"inLanguage":"en-US"}]}},"_links":{"self":[{"href":"https:\/\/www.jantobil.com\/site\/wp-json\/wp\/v2\/pages\/46"}],"collection":[{"href":"https:\/\/www.jantobil.com\/site\/wp-json\/wp\/v2\/pages"}],"about":[{"href":"https:\/\/www.jantobil.com\/site\/wp-json\/wp\/v2\/types\/page"}],"author":[{"embeddable":true,"href":"https:\/\/www.jantobil.com\/site\/wp-json\/wp\/v2\/users\/4"}],"replies":[{"embeddable":true,"href":"https:\/\/www.jantobil.com\/site\/wp-json\/wp\/v2\/comments?post=46"}],"version-history":[{"count":43,"href":"https:\/\/www.jantobil.com\/site\/wp-json\/wp\/v2\/pages\/46\/revisions"}],"predecessor-version":[{"id":615,"href":"https:\/\/www.jantobil.com\/site\/wp-json\/wp\/v2\/pages\/46\/revisions\/615"}],"wp:attachment":[{"href":"https:\/\/www.jantobil.com\/site\/wp-json\/wp\/v2\/media?parent=46"}],"curies":[{"name":"wp","href":"https:\/\/api.w.org\/{rel}","templated":true}]}}