{"id":49,"date":"2015-02-10T11:45:24","date_gmt":"2015-02-10T11:45:24","guid":{"rendered":"https:\/\/www.jantobil.com\/site\/?page_id=49"},"modified":"2022-12-08T08:01:42","modified_gmt":"2022-12-08T08:01:42","slug":"lojas-de-compra-de-ouro-usado","status":"publish","type":"page","link":"https:\/\/www.jantobil.com\/site\/lojas-de-compra-de-ouro-usado\/","title":{"rendered":"Lojas"},"content":{"rendered":"<div id=\"pl-49\"  class=\"panel-layout\" ><div id=\"pg-49-0\"  class=\"panel-grid panel-has-style\" ><div class=\"panel-row-style-wide-default-pages panel-row-style panel-row-style-for-49-0\" ><div id=\"pgc-49-0-0\"  class=\"panel-grid-cell\" ><div id=\"panel-49-0-0-0\" class=\"so-panel widget widget_siteorigin-panels-builder panel-first-child panel-last-child\" data-index=\"0\" ><div id=\"pl-w639199e670296\"  class=\"panel-layout\" ><div id=\"pg-w639199e670296-0\"  class=\"panel-grid panel-no-style\" ><div id=\"pgc-w639199e670296-0-0\"  class=\"panel-grid-cell\" ><div id=\"panel-w639199e670296-0-0-0\" class=\"so-panel widget widget_black-studio-tinymce widget_black_studio_tinymce panel-first-child panel-last-child\" data-index=\"0\" ><h3 class=\"widget-title\">S\u00e3o Jo\u00e3o da Madeira<\/h3><div class=\"textwidget\"><p><strong>Morada:<\/strong> Rua Jo\u00e3o de Deus, 76 - 1\u00ba G<br \/>\n3700-149 S. Jo\u00e3o da Madeira<\/p>\n<p><strong>Tel.:<\/strong>\u00a0<a href=\"tel:+351917812543\">(+351) 256 413 289<\/a><br \/>\n<span style=\"font-size:12px;\">(Chamada para a rede fixa nacional)<\/span><\/p>\n<p><strong>Telem.:<\/strong>\u00a0<a href=\"tel:+351917812543\">(+351)\u00a0917 812 543<\/a><br \/>\n<span style=\"font-size:12px;\">(Chamada para a rede m\u00f3vel nacional)<\/span><\/p>\n<p><strong>Hor\u00e1rio:<\/strong><br \/>\ndas 09:30 \u00e0s 13:00 e das 14:00 \u00e0s 19:00 (dias \u00fateis)<br \/>\ndas 09:30 \u00e0s 13:00 (s\u00e1bados)<\/p>\n<\/div><\/div><\/div><div id=\"pgc-w639199e670296-0-1\"  class=\"panel-grid-cell\" ><div id=\"panel-w639199e670296-0-1-0\" class=\"so-panel widget widget_black-studio-tinymce widget_black_studio_tinymce panel-first-child panel-last-child\" data-index=\"1\" ><h3 class=\"widget-title\">Sta. Maria da Feira<\/h3><div class=\"textwidget\"><p><strong>Endere\u00e7o:<\/strong> Rua Dr. Vitorino de S\u00e1, 4 - 1\u00baJ<br \/>\n4520-223 Santa Maria da Feira<\/p>\n<p><strong>Tel.:<\/strong>\u00a0<a href=\"tel:+351256336220\">(+351) 256 336\u00a0220<\/a><br \/>\n<span style=\"font-size:12px;\">(Chamada para a rede fixa nacional)<\/span><\/p>\n<p><strong>Telem.:<\/strong>\u00a0<a href=\"tel:+351919855215\">(+351)\u00a0919 855 215<\/a><br \/>\n<span style=\"font-size:12px;\">(Chamada para a rede m\u00f3vel nacional)<\/span><\/p>\n<p><strong>Hor\u00e1rio:<\/strong><br \/>\ndas 09:30 \u00e0s 13:00 e das 14:00 \u00e0s 19:00 (dias \u00fateis)<br \/>\ndas 09:30 \u00e0s 13:00 (s\u00e1bados)<\/p>\n<\/div><\/div><\/div><\/div><div id=\"pg-w639199e670296-1\"  class=\"panel-grid panel-has-style\" ><div class=\"wide-grey-footer panel-row-style panel-row-style-for-w639199e670296-1\" ><div id=\"pgc-w639199e670296-1-0\"  class=\"panel-grid-cell\" ><div id=\"panel-w639199e670296-1-0-0\" class=\"widget_text so-panel widget widget_custom_html panel-first-child panel-last-child\" data-index=\"2\" ><div class=\"textwidget custom-html-widget\"><iframe style=\"width: 100%;\" tabindex=\"0\" src=\"https:\/\/www.google.com\/maps\/embed?pb=!1m18!1m12!1m3!1d1507.9144721986556!2d-8.492324291012341!3d40.89756699726021!2m3!1f0!2f0!3f0!3m2!1i1024!2i768!4f13.1!3m3!1m2!1s0xd2381fb32d5e28f%3A0xe951b880c1eef46d!2sJantobil%2C%20Lda.!5e0!3m2!1spt-PT!2spt!4v1592248298575!5m2!1spt-PT!2spt\" height=\"400\" frameborder=\"0\" allowfullscreen=\"allowfullscreen\" aria-hidden=\"false\"><\/iframe><\/div><\/div><\/div><div id=\"pgc-w639199e670296-1-1\"  class=\"panel-grid-cell\" ><div id=\"panel-w639199e670296-1-1-0\" class=\"widget_text so-panel widget widget_custom_html panel-first-child panel-last-child\" data-index=\"3\" ><div class=\"textwidget custom-html-widget\"><iframe style=\"width: 100%;\" tabindex=\"0\" src=\"https:\/\/www.google.com\/maps\/embed?pb=!1m18!1m12!1m3!1d3014.5506564527527!2d-8.549604584912133!3d40.92559727930921!2m3!1f0!2f0!3f0!3m2!1i1024!2i768!4f13.1!3m3!1m2!1s0xd2380e052a84e61%3A0xdcaafb27ac1a658b!2sR.%20Dr.%20Vitorino%20de%20S%C3%A1%204%201%C2%BAJ%2C%204520-192%20Santa%20Maria%20da%20Feira!5e0!3m2!1spt-PT!2spt!4v1592248865109!5m2!1spt-PT!2spt\" height=\"400\" frameborder=\"0\" allowfullscreen=\"allowfullscreen\" aria-hidden=\"false\"><\/iframe><\/div><\/div><\/div><\/div><\/div><\/div><\/div><\/div><\/div><\/div><div id=\"pg-49-1\"  class=\"panel-grid panel-has-style\" ><div class=\"panel-row-style-wide-socialnetwork-share-grey panel-row-style panel-row-style-for-49-1\" ><div id=\"pgc-49-1-0\"  class=\"panel-grid-cell\" ><div id=\"panel-49-1-0-0\" class=\"so-panel widget panel-first-child panel-last-child\" data-index=\"1\" ><\/div><\/div><\/div><\/div><\/div>","protected":false},"excerpt":{"rendered":"<p>S\u00e3o Jo\u00e3o da MadeiraMorada: Rua Jo\u00e3o de Deus, 76 &#8211; 1\u00ba G 3700-149 S. Jo\u00e3o da Madeira Tel.:\u00a0(+351) 256 413 289 (Chamada para a rede fixa nacional) Telem.:\u00a0(+351)\u00a0917 812 543 (Chamada para a rede m\u00f3vel nacional) Hor\u00e1rio: das 09:30 \u00e0s 13:00 e das 14:00 \u00e0s 19:00 (dias \u00fateis) das 09:30 \u00e0s 13:00 (s\u00e1bados) Sta. Maria [&hellip;]<\/p>\n","protected":false},"author":4,"featured_media":0,"parent":0,"menu_order":4,"comment_status":"closed","ping_status":"open","template":"templates\/template-full.php","meta":{"footnotes":""},"class_list":["post-49","page","type-page","status-publish","hentry","post"],"yoast_head":"<!-- This site is optimized with the Yoast SEO Premium plugin v24.9 (Yoast SEO v24.9) - https:\/\/yoast.com\/wordpress\/plugins\/seo\/ -->\n<title>Lojas de Ouro Usado, S. J. Madeira, Sta. M. Feira | JANTOBIL, Lda<\/title>\n<meta name=\"description\" content=\"Localiza\u00e7\u00e3o das nossas lojas de compra de ouro usado. Compramos ouro usado em S\u00e3o Jo\u00e3o da Madeira e Santa Maria da Feira.\" \/>\n<meta name=\"robots\" content=\"index, follow, max-snippet:-1, max-image-preview:large, max-video-preview:-1\" \/>\n<link rel=\"canonical\" href=\"https:\/\/www.jantobil.com\/site\/lojas-de-compra-de-ouro-usado\/\" \/>\n<meta property=\"og:locale\" content=\"en_US\" \/>\n<meta property=\"og:type\" content=\"article\" \/>\n<meta property=\"og:title\" content=\"Lojas\" \/>\n<meta property=\"og:description\" content=\"Localiza\u00e7\u00e3o das nossas lojas de compra de ouro usado. Compramos ouro usado em S\u00e3o Jo\u00e3o da Madeira e Santa Maria da Feira.\" \/>\n<meta property=\"og:url\" content=\"https:\/\/www.jantobil.com\/site\/lojas-de-compra-de-ouro-usado\/\" \/>\n<meta property=\"og:site_name\" content=\"JANTOBIL, Lda.\" \/>\n<meta property=\"article:modified_time\" content=\"2022-12-08T08:01:42+00:00\" \/>\n<meta name=\"twitter:label1\" content=\"Est. reading time\" \/>\n\t<meta name=\"twitter:data1\" content=\"1 minute\" \/>\n<script type=\"application\/ld+json\" class=\"yoast-schema-graph\">{\"@context\":\"https:\/\/schema.org\",\"@graph\":[{\"@type\":\"WebPage\",\"@id\":\"https:\/\/www.jantobil.com\/site\/lojas-de-compra-de-ouro-usado\/\",\"url\":\"https:\/\/www.jantobil.com\/site\/lojas-de-compra-de-ouro-usado\/\",\"name\":\"Lojas de Ouro Usado, S. J. Madeira, Sta. M. Feira | JANTOBIL, Lda\",\"isPartOf\":{\"@id\":\"https:\/\/www.jantobil.com\/site\/#website\"},\"datePublished\":\"2015-02-10T11:45:24+00:00\",\"dateModified\":\"2022-12-08T08:01:42+00:00\",\"description\":\"Localiza\u00e7\u00e3o das nossas lojas de compra de ouro usado. Compramos ouro usado em S\u00e3o Jo\u00e3o da Madeira e Santa Maria da Feira.\",\"breadcrumb\":{\"@id\":\"https:\/\/www.jantobil.com\/site\/lojas-de-compra-de-ouro-usado\/#breadcrumb\"},\"inLanguage\":\"en-US\",\"potentialAction\":[{\"@type\":\"ReadAction\",\"target\":[\"https:\/\/www.jantobil.com\/site\/lojas-de-compra-de-ouro-usado\/\"]}]},{\"@type\":\"BreadcrumbList\",\"@id\":\"https:\/\/www.jantobil.com\/site\/lojas-de-compra-de-ouro-usado\/#breadcrumb\",\"itemListElement\":[{\"@type\":\"ListItem\",\"position\":1,\"name\":\"In\u00edcio\",\"item\":\"https:\/\/www.jantobil.com\/site\/\"},{\"@type\":\"ListItem\",\"position\":2,\"name\":\"Lojas\"}]},{\"@type\":\"WebSite\",\"@id\":\"https:\/\/www.jantobil.com\/site\/#website\",\"url\":\"https:\/\/www.jantobil.com\/site\/\",\"name\":\"JANTOBIL, Lda.\",\"description\":\"Com\u00e9rcio de Metais Preciosos\",\"potentialAction\":[{\"@type\":\"SearchAction\",\"target\":{\"@type\":\"EntryPoint\",\"urlTemplate\":\"https:\/\/www.jantobil.com\/site\/?s={search_term_string}\"},\"query-input\":{\"@type\":\"PropertyValueSpecification\",\"valueRequired\":true,\"valueName\":\"search_term_string\"}}],\"inLanguage\":\"en-US\"}]}<\/script>\n<!-- \/ Yoast SEO Premium plugin. -->","yoast_head_json":{"title":"Lojas de Ouro Usado, S. J. Madeira, Sta. M. Feira | JANTOBIL, Lda","description":"Localiza\u00e7\u00e3o das nossas lojas de compra de ouro usado. Compramos ouro usado em S\u00e3o Jo\u00e3o da Madeira e Santa Maria da Feira.","robots":{"index":"index","follow":"follow","max-snippet":"max-snippet:-1","max-image-preview":"max-image-preview:large","max-video-preview":"max-video-preview:-1"},"canonical":"https:\/\/www.jantobil.com\/site\/lojas-de-compra-de-ouro-usado\/","og_locale":"en_US","og_type":"article","og_title":"Lojas","og_description":"Localiza\u00e7\u00e3o das nossas lojas de compra de ouro usado. Compramos ouro usado em S\u00e3o Jo\u00e3o da Madeira e Santa Maria da Feira.","og_url":"https:\/\/www.jantobil.com\/site\/lojas-de-compra-de-ouro-usado\/","og_site_name":"JANTOBIL, Lda.","article_modified_time":"2022-12-08T08:01:42+00:00","twitter_misc":{"Est. reading time":"1 minute"},"schema":{"@context":"https:\/\/schema.org","@graph":[{"@type":"WebPage","@id":"https:\/\/www.jantobil.com\/site\/lojas-de-compra-de-ouro-usado\/","url":"https:\/\/www.jantobil.com\/site\/lojas-de-compra-de-ouro-usado\/","name":"Lojas de Ouro Usado, S. J. Madeira, Sta. M. Feira | JANTOBIL, Lda","isPartOf":{"@id":"https:\/\/www.jantobil.com\/site\/#website"},"datePublished":"2015-02-10T11:45:24+00:00","dateModified":"2022-12-08T08:01:42+00:00","description":"Localiza\u00e7\u00e3o das nossas lojas de compra de ouro usado. Compramos ouro usado em S\u00e3o Jo\u00e3o da Madeira e Santa Maria da Feira.","breadcrumb":{"@id":"https:\/\/www.jantobil.com\/site\/lojas-de-compra-de-ouro-usado\/#breadcrumb"},"inLanguage":"en-US","potentialAction":[{"@type":"ReadAction","target":["https:\/\/www.jantobil.com\/site\/lojas-de-compra-de-ouro-usado\/"]}]},{"@type":"BreadcrumbList","@id":"https:\/\/www.jantobil.com\/site\/lojas-de-compra-de-ouro-usado\/#breadcrumb","itemListElement":[{"@type":"ListItem","position":1,"name":"In\u00edcio","item":"https:\/\/www.jantobil.com\/site\/"},{"@type":"ListItem","position":2,"name":"Lojas"}]},{"@type":"WebSite","@id":"https:\/\/www.jantobil.com\/site\/#website","url":"https:\/\/www.jantobil.com\/site\/","name":"JANTOBIL, Lda.","description":"Com\u00e9rcio de Metais Preciosos","potentialAction":[{"@type":"SearchAction","target":{"@type":"EntryPoint","urlTemplate":"https:\/\/www.jantobil.com\/site\/?s={search_term_string}"},"query-input":{"@type":"PropertyValueSpecification","valueRequired":true,"valueName":"search_term_string"}}],"inLanguage":"en-US"}]}},"_links":{"self":[{"href":"https:\/\/www.jantobil.com\/site\/wp-json\/wp\/v2\/pages\/49"}],"collection":[{"href":"https:\/\/www.jantobil.com\/site\/wp-json\/wp\/v2\/pages"}],"about":[{"href":"https:\/\/www.jantobil.com\/site\/wp-json\/wp\/v2\/types\/page"}],"author":[{"embeddable":true,"href":"https:\/\/www.jantobil.com\/site\/wp-json\/wp\/v2\/users\/4"}],"replies":[{"embeddable":true,"href":"https:\/\/www.jantobil.com\/site\/wp-json\/wp\/v2\/comments?post=49"}],"version-history":[{"count":42,"href":"https:\/\/www.jantobil.com\/site\/wp-json\/wp\/v2\/pages\/49\/revisions"}],"predecessor-version":[{"id":619,"href":"https:\/\/www.jantobil.com\/site\/wp-json\/wp\/v2\/pages\/49\/revisions\/619"}],"wp:attachment":[{"href":"https:\/\/www.jantobil.com\/site\/wp-json\/wp\/v2\/media?parent=49"}],"curies":[{"name":"wp","href":"https:\/\/api.w.org\/{rel}","templated":true}]}}