{"id":52,"date":"2015-02-10T11:46:47","date_gmt":"2015-02-10T11:46:47","guid":{"rendered":"https:\/\/www.jantobil.com\/site\/?page_id=52"},"modified":"2015-03-02T11:39:26","modified_gmt":"2015-03-02T11:39:26","slug":"jantobil","status":"publish","type":"page","link":"https:\/\/www.jantobil.com\/site\/jantobil\/","title":{"rendered":"Jantobil"},"content":{"rendered":"<div id=\"pl-52\"  class=\"panel-layout\" ><div id=\"pg-52-0\"  class=\"panel-grid panel-has-style\" ><div class=\"panel-row-style-wide-default-pages panel-row-style panel-row-style-for-52-0\" ><div id=\"pgc-52-0-0\"  class=\"panel-grid-cell\" ><div id=\"panel-52-0-0-0\" class=\"so-panel widget widget_black-studio-tinymce widget_black_studio_tinymce panel-first-child panel-last-child\" data-index=\"0\" ><h3 class=\"widget-title\">JANTOBIL, Lda<\/h3><div class=\"textwidget\"><p>Aproveitamos o nosso \u201cknow-how\u201d de 25 Anos de experi\u00eancia no com\u00e9rcio e reciclagem de metais preciosos, e seguindo como princ\u00edpios fundamentais nos nossos neg\u00f3cios a transpar\u00eancia e honestidade, assumimos com os nossos clientes de que a avalia\u00e7\u00e3o e a valoriza\u00e7\u00e3o dos objectos s\u00e3o efectuadas baseados na cota\u00e7\u00e3o di\u00e1ria da bolsa de valores de metais preciosos de Londres<\/p>\n<p><span style=\"color: #e09d1d;\"><strong>COMPRAMOS: OURO- PRATAS-JOIAS-REL\u00d3GIOS-DIAMANTES-MOEDAS (OURO E PRATA)-OURO EM BARRA-CAUTELAS DE PENHOR.<\/strong><\/span><\/p>\n<p>Com a nossa experi\u00eancia profissional efectuamos as mais correctas avalia\u00e7\u00f5es do mercado.<\/p>\n<p>Qualquer avalia\u00e7\u00e3o \u00e9 gratuita, e n\u00e3o implica qualquer obriga\u00e7\u00e3o de vender.<\/p>\n<p>Os procedimentos de aquisi\u00e7\u00e3o s\u00e3o simples, e o pagamento efectuado no momento em dinheiro ou transfer\u00eancia banc\u00e1ria.<\/p>\n<p>Para a venda de quaisquer artigos, dever\u00e1 o legitimo propriet\u00e1rio, ou o mandat\u00e1rio que se apresenta nas nossas instala\u00e7\u00f5es, ter idade igual ou superior a 18 Anos, e fazer acompanhar-se de Identifica\u00e7\u00e3o Pessoal V\u00e1lida. Ex: Bilhete de Identidade, Cart\u00e3o do Cidad\u00e3o, Carta de Condu\u00e7\u00e3o, Passaporte ou Titulo de Resid\u00eancia.<\/p>\n<p>Cada atendimento \u00e9 feito individualmente em sala \u00fanica para o efeito e todas as transac\u00e7\u00f5es efectuadas com a nossa empresa, est\u00e3o sob sigilo, discri\u00e7\u00e3o e confidencialidade.<\/p>\n<p><strong>TODAS AS COMPRAS EFECTUDAS PELA NOSSA EMPRESA S\u00c3O COMUNICADAS \u00c0S AUTORIDADES COMPETENTES<\/strong><\/p>\n<\/div><\/div><\/div><div id=\"pgc-52-0-1\"  class=\"panel-grid-cell\" ><div id=\"panel-52-0-1-0\" class=\"so-panel widget widget_search panel-first-child\" data-index=\"1\" >\n<form method=\"get\" id=\"searchform\" action=\"https:\/\/www.jantobil.com\/site\/\" role=\"search\">\n\t<label for=\"s\" class=\"assistive-text\">Search<\/label>\n\t<input type=\"text\" class=\"field\" name=\"s\" value=\"\" id=\"s\" placeholder=\"Search\" \/>\n\t<input type=\"submit\" class=\"submit\" name=\"submit\" id=\"searchsubmit\" value=\"Search\" \/>\n<\/form>\n<\/div><div id=\"panel-52-0-1-1\" class=\"so-panel widget widget_pages panel-last-child\" data-index=\"2\" ><h3 class=\"widget-title\">sugest\u00f5es<\/h3>\n\t\t\t<ul>\n\t\t\t\t<li class=\"page_item page-item-198\"><a href=\"https:\/\/www.jantobil.com\/site\/contactos-da-empresa\/\">Contactos<\/a><\/li>\n<li class=\"page_item page-item-49\"><a href=\"https:\/\/www.jantobil.com\/site\/lojas-de-compra-de-ouro-usado\/\">Lojas<\/a><\/li>\n<li class=\"page_item page-item-264\"><a href=\"https:\/\/www.jantobil.com\/site\/politica-de-privacidade-e-cookies\/\">Pol\u00edtica de Privacidade e Cookies<\/a><\/li>\n\t\t\t<\/ul>\n\n\t\t\t<\/div><\/div><\/div><\/div><div id=\"pg-52-1\"  class=\"panel-grid panel-has-style\" ><div class=\"panel-row-style-wide-socialnetwork-share-grey panel-row-style panel-row-style-for-52-1\" ><div id=\"pgc-52-1-0\"  class=\"panel-grid-cell\" ><div id=\"panel-52-1-0-0\" class=\"so-panel widget panel-first-child panel-last-child\" data-index=\"3\" ><\/div><\/div><\/div><\/div><\/div>","protected":false},"excerpt":{"rendered":"<p>Aproveitamos o nosso \u201cknow-how\u201d de 25 Anos de experi\u00eancia no com\u00e9rcio e reciclagem de metais preciosos, e seguindo como princ\u00edpios fundamentais nos nossos neg\u00f3cios a transpar\u00eancia e honestidade, assumimos com os nossos clientes de que a avalia\u00e7\u00e3o e a valoriza\u00e7\u00e3o dos objectos s\u00e3o efectuadas baseados na cota\u00e7\u00e3o di\u00e1ria da bolsa de valores de metais preciosos [&hellip;]<\/p>\n","protected":false},"author":4,"featured_media":0,"parent":0,"menu_order":1,"comment_status":"closed","ping_status":"open","template":"templates\/template-full-notitle.php","meta":{"footnotes":""},"class_list":["post-52","page","type-page","status-publish","hentry","post"],"yoast_head":"<!-- This site is optimized with the Yoast SEO Premium plugin v24.9 (Yoast SEO v24.9) - https:\/\/yoast.com\/wordpress\/plugins\/seo\/ -->\n<title>Jantobil | JANTOBIL, Lda.<\/title>\n<meta name=\"robots\" content=\"index, follow, max-snippet:-1, max-image-preview:large, max-video-preview:-1\" \/>\n<link rel=\"canonical\" href=\"https:\/\/www.jantobil.com\/site\/jantobil\/\" \/>\n<meta property=\"og:locale\" content=\"en_US\" \/>\n<meta property=\"og:type\" content=\"article\" \/>\n<meta property=\"og:title\" content=\"Jantobil\" \/>\n<meta property=\"og:description\" content=\"Aproveitamos o nosso \u201cknow-how\u201d de 25 Anos de experi\u00eancia no com\u00e9rcio e reciclagem de metais preciosos, e seguindo como princ\u00edpios fundamentais nos nossos neg\u00f3cios a transpar\u00eancia e honestidade, assumimos com os nossos clientes de que a avalia\u00e7\u00e3o e a valoriza\u00e7\u00e3o dos objectos s\u00e3o efectuadas baseados na cota\u00e7\u00e3o di\u00e1ria da bolsa de valores de metais preciosos [&hellip;]\" \/>\n<meta property=\"og:url\" content=\"https:\/\/www.jantobil.com\/site\/jantobil\/\" \/>\n<meta property=\"og:site_name\" content=\"JANTOBIL, Lda.\" \/>\n<meta property=\"article:modified_time\" content=\"2015-03-02T11:39:26+00:00\" \/>\n<meta property=\"og:image\" content=\"https:\/\/www.jantobil.com\/site\/wp-content\/plugins\/simple-share-buttons-adder\/buttons\/simple\/facebook.png\" \/>\n<meta name=\"twitter:label1\" content=\"Est. reading time\" \/>\n\t<meta name=\"twitter:data1\" content=\"1 minute\" \/>\n<script type=\"application\/ld+json\" class=\"yoast-schema-graph\">{\"@context\":\"https:\/\/schema.org\",\"@graph\":[{\"@type\":\"WebPage\",\"@id\":\"https:\/\/www.jantobil.com\/site\/jantobil\/\",\"url\":\"https:\/\/www.jantobil.com\/site\/jantobil\/\",\"name\":\"Jantobil | JANTOBIL, Lda.\",\"isPartOf\":{\"@id\":\"https:\/\/www.jantobil.com\/site\/#website\"},\"primaryImageOfPage\":{\"@id\":\"https:\/\/www.jantobil.com\/site\/jantobil\/#primaryimage\"},\"image\":{\"@id\":\"https:\/\/www.jantobil.com\/site\/jantobil\/#primaryimage\"},\"thumbnailUrl\":\"https:\/\/www.jantobil.com\/site\/wp-content\/plugins\/simple-share-buttons-adder\/buttons\/simple\/facebook.png\",\"datePublished\":\"2015-02-10T11:46:47+00:00\",\"dateModified\":\"2015-03-02T11:39:26+00:00\",\"breadcrumb\":{\"@id\":\"https:\/\/www.jantobil.com\/site\/jantobil\/#breadcrumb\"},\"inLanguage\":\"en-US\",\"potentialAction\":[{\"@type\":\"ReadAction\",\"target\":[\"https:\/\/www.jantobil.com\/site\/jantobil\/\"]}]},{\"@type\":\"ImageObject\",\"inLanguage\":\"en-US\",\"@id\":\"https:\/\/www.jantobil.com\/site\/jantobil\/#primaryimage\",\"url\":\"https:\/\/www.jantobil.com\/site\/wp-content\/plugins\/simple-share-buttons-adder\/buttons\/simple\/facebook.png\",\"contentUrl\":\"https:\/\/www.jantobil.com\/site\/wp-content\/plugins\/simple-share-buttons-adder\/buttons\/simple\/facebook.png\"},{\"@type\":\"BreadcrumbList\",\"@id\":\"https:\/\/www.jantobil.com\/site\/jantobil\/#breadcrumb\",\"itemListElement\":[{\"@type\":\"ListItem\",\"position\":1,\"name\":\"In\u00edcio\",\"item\":\"https:\/\/www.jantobil.com\/site\/\"},{\"@type\":\"ListItem\",\"position\":2,\"name\":\"Jantobil\"}]},{\"@type\":\"WebSite\",\"@id\":\"https:\/\/www.jantobil.com\/site\/#website\",\"url\":\"https:\/\/www.jantobil.com\/site\/\",\"name\":\"JANTOBIL, Lda.\",\"description\":\"Com\u00e9rcio de Metais Preciosos\",\"potentialAction\":[{\"@type\":\"SearchAction\",\"target\":{\"@type\":\"EntryPoint\",\"urlTemplate\":\"https:\/\/www.jantobil.com\/site\/?s={search_term_string}\"},\"query-input\":{\"@type\":\"PropertyValueSpecification\",\"valueRequired\":true,\"valueName\":\"search_term_string\"}}],\"inLanguage\":\"en-US\"}]}<\/script>\n<!-- \/ Yoast SEO Premium plugin. -->","yoast_head_json":{"title":"Jantobil | JANTOBIL, Lda.","robots":{"index":"index","follow":"follow","max-snippet":"max-snippet:-1","max-image-preview":"max-image-preview:large","max-video-preview":"max-video-preview:-1"},"canonical":"https:\/\/www.jantobil.com\/site\/jantobil\/","og_locale":"en_US","og_type":"article","og_title":"Jantobil","og_description":"Aproveitamos o nosso \u201cknow-how\u201d de 25 Anos de experi\u00eancia no com\u00e9rcio e reciclagem de metais preciosos, e seguindo como princ\u00edpios fundamentais nos nossos neg\u00f3cios a transpar\u00eancia e honestidade, assumimos com os nossos clientes de que a avalia\u00e7\u00e3o e a valoriza\u00e7\u00e3o dos objectos s\u00e3o efectuadas baseados na cota\u00e7\u00e3o di\u00e1ria da bolsa de valores de metais preciosos [&hellip;]","og_url":"https:\/\/www.jantobil.com\/site\/jantobil\/","og_site_name":"JANTOBIL, Lda.","article_modified_time":"2015-03-02T11:39:26+00:00","og_image":[{"url":"https:\/\/www.jantobil.com\/site\/wp-content\/plugins\/simple-share-buttons-adder\/buttons\/simple\/facebook.png","type":"","width":"","height":""}],"twitter_misc":{"Est. reading time":"1 minute"},"schema":{"@context":"https:\/\/schema.org","@graph":[{"@type":"WebPage","@id":"https:\/\/www.jantobil.com\/site\/jantobil\/","url":"https:\/\/www.jantobil.com\/site\/jantobil\/","name":"Jantobil | JANTOBIL, Lda.","isPartOf":{"@id":"https:\/\/www.jantobil.com\/site\/#website"},"primaryImageOfPage":{"@id":"https:\/\/www.jantobil.com\/site\/jantobil\/#primaryimage"},"image":{"@id":"https:\/\/www.jantobil.com\/site\/jantobil\/#primaryimage"},"thumbnailUrl":"https:\/\/www.jantobil.com\/site\/wp-content\/plugins\/simple-share-buttons-adder\/buttons\/simple\/facebook.png","datePublished":"2015-02-10T11:46:47+00:00","dateModified":"2015-03-02T11:39:26+00:00","breadcrumb":{"@id":"https:\/\/www.jantobil.com\/site\/jantobil\/#breadcrumb"},"inLanguage":"en-US","potentialAction":[{"@type":"ReadAction","target":["https:\/\/www.jantobil.com\/site\/jantobil\/"]}]},{"@type":"ImageObject","inLanguage":"en-US","@id":"https:\/\/www.jantobil.com\/site\/jantobil\/#primaryimage","url":"https:\/\/www.jantobil.com\/site\/wp-content\/plugins\/simple-share-buttons-adder\/buttons\/simple\/facebook.png","contentUrl":"https:\/\/www.jantobil.com\/site\/wp-content\/plugins\/simple-share-buttons-adder\/buttons\/simple\/facebook.png"},{"@type":"BreadcrumbList","@id":"https:\/\/www.jantobil.com\/site\/jantobil\/#breadcrumb","itemListElement":[{"@type":"ListItem","position":1,"name":"In\u00edcio","item":"https:\/\/www.jantobil.com\/site\/"},{"@type":"ListItem","position":2,"name":"Jantobil"}]},{"@type":"WebSite","@id":"https:\/\/www.jantobil.com\/site\/#website","url":"https:\/\/www.jantobil.com\/site\/","name":"JANTOBIL, Lda.","description":"Com\u00e9rcio de Metais Preciosos","potentialAction":[{"@type":"SearchAction","target":{"@type":"EntryPoint","urlTemplate":"https:\/\/www.jantobil.com\/site\/?s={search_term_string}"},"query-input":{"@type":"PropertyValueSpecification","valueRequired":true,"valueName":"search_term_string"}}],"inLanguage":"en-US"}]}},"_links":{"self":[{"href":"https:\/\/www.jantobil.com\/site\/wp-json\/wp\/v2\/pages\/52"}],"collection":[{"href":"https:\/\/www.jantobil.com\/site\/wp-json\/wp\/v2\/pages"}],"about":[{"href":"https:\/\/www.jantobil.com\/site\/wp-json\/wp\/v2\/types\/page"}],"author":[{"embeddable":true,"href":"https:\/\/www.jantobil.com\/site\/wp-json\/wp\/v2\/users\/4"}],"replies":[{"embeddable":true,"href":"https:\/\/www.jantobil.com\/site\/wp-json\/wp\/v2\/comments?post=52"}],"version-history":[{"count":17,"href":"https:\/\/www.jantobil.com\/site\/wp-json\/wp\/v2\/pages\/52\/revisions"}],"predecessor-version":[{"id":221,"href":"https:\/\/www.jantobil.com\/site\/wp-json\/wp\/v2\/pages\/52\/revisions\/221"}],"wp:attachment":[{"href":"https:\/\/www.jantobil.com\/site\/wp-json\/wp\/v2\/media?parent=52"}],"curies":[{"name":"wp","href":"https:\/\/api.w.org\/{rel}","templated":true}]}}