{"id":96,"date":"2015-02-16T12:32:13","date_gmt":"2015-02-16T12:32:13","guid":{"rendered":"https:\/\/www.jantobil.com\/site\/?page_id=96"},"modified":"2020-10-01T21:40:29","modified_gmt":"2020-10-01T20:40:29","slug":"sobre-nos","status":"publish","type":"page","link":"https:\/\/www.jantobil.com\/site\/jantobil\/sobre-nos\/","title":{"rendered":"Sobre n\u00f3s"},"content":{"rendered":"<div id=\"pl-96\"  class=\"panel-layout\" ><div id=\"pg-96-0\"  class=\"panel-grid panel-has-style\" ><div class=\"panel-row-style-wide-default-pages panel-row-style panel-row-style-for-96-0\" ><div id=\"pgc-96-0-0\"  class=\"panel-grid-cell\" ><div id=\"panel-96-0-0-0\" class=\"so-panel widget widget_black-studio-tinymce widget_black_studio_tinymce panel-first-child panel-last-child\" data-index=\"0\" ><div class=\"wide-default-pages-article panel-widget-style panel-widget-style-for-96-0-0-0\" ><h3 class=\"widget-title\">Sobre n\u00f3s<\/h3><div class=\"textwidget\"><p>A JANTOBIL \u00e9 uma empresa que se dedica \u00e1 COMPRA DE OURO, DIAMANTES e RECICLAGEM DE METAIS PRECIOSOS.<\/p>\n<p>Somos uma empresa licenciada INCM (Imprensa Nacional Casa da Moeda S.A.) para a comercializa\u00e7\u00e3o de metais preciosos e artefactos de ourivesaria, estamos assim creditados para adquirir os seus metais preciosos com seguran\u00e7a.<\/p>\n<p>Somos licenciados para o exerc\u00edcio da atividade de importa\u00e7\u00e3o e exporta\u00e7\u00e3o de DIAMANTES EM BRUTO.<\/p>\n<p>Com a nossa experi\u00eancia profissional efectuamos as mais correctas avalia\u00e7\u00f5es do mercado.<\/p>\n<p>Qualquer avalia\u00e7\u00e3o \u00e9 gratuita, e n\u00e3o implica qualquer obriga\u00e7\u00e3o de vender.<\/p>\n<p>Os procedimentos de aquisi\u00e7\u00e3o s\u00e3o simples, e o pagamento efectuado no momento em dinheiro ou transfer\u00eancia banc\u00e1ria.<\/p>\n<p>Cada atendimento \u00e9 feito individualmente em sala \u00fanica para o efeito e todas as transac\u00e7\u00f5es efectuadas com a nossa empresa, est\u00e3o sob sigilo, discri\u00e7\u00e3o e confidencialidade.<\/p>\n<p>\u00a0<\/p>\n<\/div><\/div><\/div><\/div><div id=\"pgc-96-0-1\"  class=\"panel-grid-cell\" ><div id=\"panel-96-0-1-0\" class=\"so-panel widget widget_search panel-first-child\" data-index=\"1\" >\n<form method=\"get\" id=\"searchform\" action=\"https:\/\/www.jantobil.com\/site\/\" role=\"search\">\n\t<label for=\"s\" class=\"assistive-text\">Search<\/label>\n\t<input type=\"text\" class=\"field\" name=\"s\" value=\"\" id=\"s\" placeholder=\"Search\" \/>\n\t<input type=\"submit\" class=\"submit\" name=\"submit\" id=\"searchsubmit\" value=\"Search\" \/>\n<\/form>\n<\/div><div id=\"panel-96-0-1-1\" class=\"so-panel widget widget_pages panel-last-child\" data-index=\"2\" ><h3 class=\"widget-title\">Sugest\u00f5es de leitura<\/h3>\n\t\t\t<ul>\n\t\t\t\t<li class=\"page_item page-item-98\"><a href=\"https:\/\/www.jantobil.com\/site\/jantobil\/o-que-compramos\/\">O que compramos<\/a><\/li>\n<li class=\"page_item page-item-102\"><a href=\"https:\/\/www.jantobil.com\/site\/jantobil\/requisitos-para-nos-vender\/\">Requisitos para nos vender<\/a><\/li>\n<li class=\"page_item page-item-104\"><a href=\"https:\/\/www.jantobil.com\/site\/jantobil\/o-que-dizem-de-nos\/\">O que dizem de n\u00f3s<\/a><\/li>\n\t\t\t<\/ul>\n\n\t\t\t<\/div><\/div><\/div><\/div><div id=\"pg-96-1\"  class=\"panel-grid panel-has-style\" ><div class=\"panel-row-style-wide-socialnetwork-share-grey panel-row-style panel-row-style-for-96-1\" ><div id=\"pgc-96-1-0\"  class=\"panel-grid-cell\" ><div id=\"panel-96-1-0-0\" class=\"so-panel widget panel-first-child panel-last-child\" data-index=\"3\" ><\/div><\/div><\/div><\/div><\/div>","protected":false},"excerpt":{"rendered":"<p>A JANTOBIL \u00e9 uma empresa que se dedica \u00e1 COMPRA DE OURO, DIAMANTES e RECICLAGEM DE METAIS PRECIOSOS.Somos uma empresa licenciada INCM (Imprensa Nacional Casa da Moeda S.A.) para a comercializa\u00e7\u00e3o de metais preciosos e artefactos de ourivesaria, estamos assim creditados para adquirir os seus metais preciosos com seguran\u00e7a.Somos licenciados para o exerc\u00edcio da atividade [&hellip;]<\/p>\n","protected":false},"author":4,"featured_media":0,"parent":52,"menu_order":1,"comment_status":"closed","ping_status":"open","template":"templates\/template-full-notitle.php","meta":{"footnotes":""},"class_list":["post-96","page","type-page","status-publish","hentry","post"],"yoast_head":"<!-- This site is optimized with the Yoast SEO Premium plugin v24.9 (Yoast SEO v24.9) - https:\/\/yoast.com\/wordpress\/plugins\/seo\/ -->\n<title>Sobre n\u00f3s | JANTOBIL, Lda.<\/title>\n<meta name=\"description\" content=\"A JANTOBIL \u00e9 uma empresa que se dedica \u00e1 compra de ouro e reciclagem de metais preciosos. Compramos ouro usado em S\u00e3o Jo\u00e3o da Madeira e Sta Maria da Feira\" \/>\n<meta name=\"robots\" content=\"index, follow, max-snippet:-1, max-image-preview:large, max-video-preview:-1\" \/>\n<link rel=\"canonical\" href=\"https:\/\/www.jantobil.com\/site\/jantobil\/sobre-nos\/\" \/>\n<meta property=\"og:locale\" content=\"en_US\" \/>\n<meta property=\"og:type\" content=\"article\" \/>\n<meta property=\"og:title\" content=\"Sobre n\u00f3s\" \/>\n<meta property=\"og:description\" content=\"A JANTOBIL \u00e9 uma empresa que se dedica \u00e1 compra de ouro e reciclagem de metais preciosos. Compramos ouro usado em S\u00e3o Jo\u00e3o da Madeira e Sta Maria da Feira\" \/>\n<meta property=\"og:url\" content=\"https:\/\/www.jantobil.com\/site\/jantobil\/sobre-nos\/\" \/>\n<meta property=\"og:site_name\" content=\"JANTOBIL, Lda.\" \/>\n<meta property=\"article:modified_time\" content=\"2020-10-01T20:40:29+00:00\" \/>\n<meta name=\"twitter:label1\" content=\"Est. reading time\" \/>\n\t<meta name=\"twitter:data1\" content=\"1 minute\" \/>\n<script type=\"application\/ld+json\" class=\"yoast-schema-graph\">{\"@context\":\"https:\/\/schema.org\",\"@graph\":[{\"@type\":\"WebPage\",\"@id\":\"https:\/\/www.jantobil.com\/site\/jantobil\/sobre-nos\/\",\"url\":\"https:\/\/www.jantobil.com\/site\/jantobil\/sobre-nos\/\",\"name\":\"Sobre n\u00f3s | JANTOBIL, Lda.\",\"isPartOf\":{\"@id\":\"https:\/\/www.jantobil.com\/site\/#website\"},\"datePublished\":\"2015-02-16T12:32:13+00:00\",\"dateModified\":\"2020-10-01T20:40:29+00:00\",\"description\":\"A JANTOBIL \u00e9 uma empresa que se dedica \u00e1 compra de ouro e reciclagem de metais preciosos. Compramos ouro usado em S\u00e3o Jo\u00e3o da Madeira e Sta Maria da Feira\",\"breadcrumb\":{\"@id\":\"https:\/\/www.jantobil.com\/site\/jantobil\/sobre-nos\/#breadcrumb\"},\"inLanguage\":\"en-US\",\"potentialAction\":[{\"@type\":\"ReadAction\",\"target\":[\"https:\/\/www.jantobil.com\/site\/jantobil\/sobre-nos\/\"]}]},{\"@type\":\"BreadcrumbList\",\"@id\":\"https:\/\/www.jantobil.com\/site\/jantobil\/sobre-nos\/#breadcrumb\",\"itemListElement\":[{\"@type\":\"ListItem\",\"position\":1,\"name\":\"In\u00edcio\",\"item\":\"https:\/\/www.jantobil.com\/site\/\"},{\"@type\":\"ListItem\",\"position\":2,\"name\":\"Jantobil\",\"item\":\"https:\/\/www.jantobil.com\/site\/jantobil\/\"},{\"@type\":\"ListItem\",\"position\":3,\"name\":\"Sobre n\u00f3s\"}]},{\"@type\":\"WebSite\",\"@id\":\"https:\/\/www.jantobil.com\/site\/#website\",\"url\":\"https:\/\/www.jantobil.com\/site\/\",\"name\":\"JANTOBIL, Lda.\",\"description\":\"Com\u00e9rcio de Metais Preciosos\",\"potentialAction\":[{\"@type\":\"SearchAction\",\"target\":{\"@type\":\"EntryPoint\",\"urlTemplate\":\"https:\/\/www.jantobil.com\/site\/?s={search_term_string}\"},\"query-input\":{\"@type\":\"PropertyValueSpecification\",\"valueRequired\":true,\"valueName\":\"search_term_string\"}}],\"inLanguage\":\"en-US\"}]}<\/script>\n<!-- \/ Yoast SEO Premium plugin. -->","yoast_head_json":{"title":"Sobre n\u00f3s | JANTOBIL, Lda.","description":"A JANTOBIL \u00e9 uma empresa que se dedica \u00e1 compra de ouro e reciclagem de metais preciosos. Compramos ouro usado em S\u00e3o Jo\u00e3o da Madeira e Sta Maria da Feira","robots":{"index":"index","follow":"follow","max-snippet":"max-snippet:-1","max-image-preview":"max-image-preview:large","max-video-preview":"max-video-preview:-1"},"canonical":"https:\/\/www.jantobil.com\/site\/jantobil\/sobre-nos\/","og_locale":"en_US","og_type":"article","og_title":"Sobre n\u00f3s","og_description":"A JANTOBIL \u00e9 uma empresa que se dedica \u00e1 compra de ouro e reciclagem de metais preciosos. Compramos ouro usado em S\u00e3o Jo\u00e3o da Madeira e Sta Maria da Feira","og_url":"https:\/\/www.jantobil.com\/site\/jantobil\/sobre-nos\/","og_site_name":"JANTOBIL, Lda.","article_modified_time":"2020-10-01T20:40:29+00:00","twitter_misc":{"Est. reading time":"1 minute"},"schema":{"@context":"https:\/\/schema.org","@graph":[{"@type":"WebPage","@id":"https:\/\/www.jantobil.com\/site\/jantobil\/sobre-nos\/","url":"https:\/\/www.jantobil.com\/site\/jantobil\/sobre-nos\/","name":"Sobre n\u00f3s | JANTOBIL, Lda.","isPartOf":{"@id":"https:\/\/www.jantobil.com\/site\/#website"},"datePublished":"2015-02-16T12:32:13+00:00","dateModified":"2020-10-01T20:40:29+00:00","description":"A JANTOBIL \u00e9 uma empresa que se dedica \u00e1 compra de ouro e reciclagem de metais preciosos. Compramos ouro usado em S\u00e3o Jo\u00e3o da Madeira e Sta Maria da Feira","breadcrumb":{"@id":"https:\/\/www.jantobil.com\/site\/jantobil\/sobre-nos\/#breadcrumb"},"inLanguage":"en-US","potentialAction":[{"@type":"ReadAction","target":["https:\/\/www.jantobil.com\/site\/jantobil\/sobre-nos\/"]}]},{"@type":"BreadcrumbList","@id":"https:\/\/www.jantobil.com\/site\/jantobil\/sobre-nos\/#breadcrumb","itemListElement":[{"@type":"ListItem","position":1,"name":"In\u00edcio","item":"https:\/\/www.jantobil.com\/site\/"},{"@type":"ListItem","position":2,"name":"Jantobil","item":"https:\/\/www.jantobil.com\/site\/jantobil\/"},{"@type":"ListItem","position":3,"name":"Sobre n\u00f3s"}]},{"@type":"WebSite","@id":"https:\/\/www.jantobil.com\/site\/#website","url":"https:\/\/www.jantobil.com\/site\/","name":"JANTOBIL, Lda.","description":"Com\u00e9rcio de Metais Preciosos","potentialAction":[{"@type":"SearchAction","target":{"@type":"EntryPoint","urlTemplate":"https:\/\/www.jantobil.com\/site\/?s={search_term_string}"},"query-input":{"@type":"PropertyValueSpecification","valueRequired":true,"valueName":"search_term_string"}}],"inLanguage":"en-US"}]}},"_links":{"self":[{"href":"https:\/\/www.jantobil.com\/site\/wp-json\/wp\/v2\/pages\/96"}],"collection":[{"href":"https:\/\/www.jantobil.com\/site\/wp-json\/wp\/v2\/pages"}],"about":[{"href":"https:\/\/www.jantobil.com\/site\/wp-json\/wp\/v2\/types\/page"}],"author":[{"embeddable":true,"href":"https:\/\/www.jantobil.com\/site\/wp-json\/wp\/v2\/users\/4"}],"replies":[{"embeddable":true,"href":"https:\/\/www.jantobil.com\/site\/wp-json\/wp\/v2\/comments?post=96"}],"version-history":[{"count":23,"href":"https:\/\/www.jantobil.com\/site\/wp-json\/wp\/v2\/pages\/96\/revisions"}],"predecessor-version":[{"id":557,"href":"https:\/\/www.jantobil.com\/site\/wp-json\/wp\/v2\/pages\/96\/revisions\/557"}],"up":[{"embeddable":true,"href":"https:\/\/www.jantobil.com\/site\/wp-json\/wp\/v2\/pages\/52"}],"wp:attachment":[{"href":"https:\/\/www.jantobil.com\/site\/wp-json\/wp\/v2\/media?parent=96"}],"curies":[{"name":"wp","href":"https:\/\/api.w.org\/{rel}","templated":true}]}}