{"id":98,"date":"2015-02-16T12:32:34","date_gmt":"2015-02-16T12:32:34","guid":{"rendered":"https:\/\/www.jantobil.com\/site\/?page_id=98"},"modified":"2022-01-17T19:35:10","modified_gmt":"2022-01-17T19:35:10","slug":"o-que-compramos","status":"publish","type":"page","link":"https:\/\/www.jantobil.com\/site\/jantobil\/o-que-compramos\/","title":{"rendered":"O que compramos"},"content":{"rendered":"<div id=\"pl-98\"  class=\"panel-layout\" ><div id=\"pg-98-0\"  class=\"panel-grid panel-has-style\" ><div class=\"panel-row-style-wide-default-pages panel-row-style panel-row-style-for-98-0\" ><div id=\"pgc-98-0-0\"  class=\"panel-grid-cell\" ><div id=\"panel-98-0-0-0\" class=\"so-panel widget widget_black-studio-tinymce widget_black_studio_tinymce panel-first-child panel-last-child\" data-index=\"0\" ><div class=\"wide-default-pages-article panel-widget-style panel-widget-style-for-98-0-0-0\" ><h3 class=\"widget-title\">O que compramos ?<\/h3><div class=\"textwidget\"><ul>\n<li>Ouro;<\/li>\n<li>Ouro em barra;<\/li>\n<li>Pratas;<\/li>\n<li>Platina;<\/li>\n<li>Pal\u00e1dio;<\/li>\n<li>J\u00f3ias;<\/li>\n<li>Rel\u00f3gios;<\/li>\n<li>Diamantes lapidados;<\/li>\n<li>Diamantes em bruto \"KPCS\";<\/li>\n<li>Moedas (ouro e prata);<\/li>\n<li>Cautelas de Penhor;<\/li>\n<li>Venda com op\u00e7\u00e3o de compra.<\/li>\n<\/ul>\n<\/div><\/div><\/div><\/div><div id=\"pgc-98-0-1\"  class=\"panel-grid-cell\" ><div id=\"panel-98-0-1-0\" class=\"so-panel widget widget_search panel-first-child\" data-index=\"1\" >\n<form method=\"get\" id=\"searchform\" action=\"https:\/\/www.jantobil.com\/site\/\" role=\"search\">\n\t<label for=\"s\" class=\"assistive-text\">Search<\/label>\n\t<input type=\"text\" class=\"field\" name=\"s\" value=\"\" id=\"s\" placeholder=\"Search\" \/>\n\t<input type=\"submit\" class=\"submit\" name=\"submit\" id=\"searchsubmit\" value=\"Search\" \/>\n<\/form>\n<\/div><div id=\"panel-98-0-1-1\" class=\"so-panel widget widget_pages panel-last-child\" data-index=\"2\" ><h3 class=\"widget-title\">Sugest\u00f5es de leitura<\/h3>\n\t\t\t<ul>\n\t\t\t\t<li class=\"page_item page-item-96\"><a href=\"https:\/\/www.jantobil.com\/site\/jantobil\/sobre-nos\/\">Sobre n\u00f3s<\/a><\/li>\n<li class=\"page_item page-item-102\"><a href=\"https:\/\/www.jantobil.com\/site\/jantobil\/requisitos-para-nos-vender\/\">Requisitos para nos vender<\/a><\/li>\n<li class=\"page_item page-item-104\"><a href=\"https:\/\/www.jantobil.com\/site\/jantobil\/o-que-dizem-de-nos\/\">O que dizem de n\u00f3s<\/a><\/li>\n\t\t\t<\/ul>\n\n\t\t\t<\/div><\/div><\/div><\/div><div id=\"pg-98-1\"  class=\"panel-grid panel-has-style\" ><div class=\"panel-row-style-wide-socialnetwork-share-grey panel-row-style panel-row-style-for-98-1\" ><div id=\"pgc-98-1-0\"  class=\"panel-grid-cell\" ><div id=\"panel-98-1-0-0\" class=\"so-panel widget panel-first-child panel-last-child\" data-index=\"3\" ><\/div><\/div><\/div><\/div><\/div>","protected":false},"excerpt":{"rendered":"<p>Ouro; Ouro em barra; Pratas; Platina; Pal\u00e1dio; J\u00f3ias; Rel\u00f3gios; Diamantes lapidados; Diamantes em bruto &#8220;KPCS&#8221;; Moedas (ouro e prata); Cautelas de Penhor; Venda com op\u00e7\u00e3o de compra.<\/p>\n","protected":false},"author":4,"featured_media":0,"parent":52,"menu_order":2,"comment_status":"closed","ping_status":"open","template":"templates\/template-full-notitle.php","meta":{"footnotes":""},"class_list":["post-98","page","type-page","status-publish","hentry","post"],"yoast_head":"<!-- This site is optimized with the Yoast SEO Premium plugin v24.9 (Yoast SEO v24.9) - https:\/\/yoast.com\/wordpress\/plugins\/seo\/ -->\n<title>O que compramos | JANTOBIL, Lda.<\/title>\n<meta name=\"description\" content=\"O que compramos: Ouro; Ouro em barra; Pratas; Platina; J\u00f3ias; Rel\u00f3gios; Diamantes; Moedas (ouro e prata); Cautelas de Penhor.\" \/>\n<meta name=\"robots\" content=\"index, follow, max-snippet:-1, max-image-preview:large, max-video-preview:-1\" \/>\n<link rel=\"canonical\" href=\"https:\/\/www.jantobil.com\/site\/jantobil\/o-que-compramos\/\" \/>\n<meta property=\"og:locale\" content=\"en_US\" \/>\n<meta property=\"og:type\" content=\"article\" \/>\n<meta property=\"og:title\" content=\"O que compramos\" \/>\n<meta property=\"og:description\" content=\"O que compramos: Ouro; Ouro em barra; Pratas; Platina; J\u00f3ias; Rel\u00f3gios; Diamantes; Moedas (ouro e prata); Cautelas de Penhor.\" \/>\n<meta property=\"og:url\" content=\"https:\/\/www.jantobil.com\/site\/jantobil\/o-que-compramos\/\" \/>\n<meta property=\"og:site_name\" content=\"JANTOBIL, Lda.\" \/>\n<meta property=\"article:modified_time\" content=\"2022-01-17T19:35:10+00:00\" \/>\n<script type=\"application\/ld+json\" class=\"yoast-schema-graph\">{\"@context\":\"https:\/\/schema.org\",\"@graph\":[{\"@type\":\"WebPage\",\"@id\":\"https:\/\/www.jantobil.com\/site\/jantobil\/o-que-compramos\/\",\"url\":\"https:\/\/www.jantobil.com\/site\/jantobil\/o-que-compramos\/\",\"name\":\"O que compramos | JANTOBIL, Lda.\",\"isPartOf\":{\"@id\":\"https:\/\/www.jantobil.com\/site\/#website\"},\"datePublished\":\"2015-02-16T12:32:34+00:00\",\"dateModified\":\"2022-01-17T19:35:10+00:00\",\"description\":\"O que compramos: Ouro; Ouro em barra; Pratas; Platina; J\u00f3ias; Rel\u00f3gios; Diamantes; Moedas (ouro e prata); Cautelas de Penhor.\",\"breadcrumb\":{\"@id\":\"https:\/\/www.jantobil.com\/site\/jantobil\/o-que-compramos\/#breadcrumb\"},\"inLanguage\":\"en-US\",\"potentialAction\":[{\"@type\":\"ReadAction\",\"target\":[\"https:\/\/www.jantobil.com\/site\/jantobil\/o-que-compramos\/\"]}]},{\"@type\":\"BreadcrumbList\",\"@id\":\"https:\/\/www.jantobil.com\/site\/jantobil\/o-que-compramos\/#breadcrumb\",\"itemListElement\":[{\"@type\":\"ListItem\",\"position\":1,\"name\":\"In\u00edcio\",\"item\":\"https:\/\/www.jantobil.com\/site\/\"},{\"@type\":\"ListItem\",\"position\":2,\"name\":\"Jantobil\",\"item\":\"https:\/\/www.jantobil.com\/site\/jantobil\/\"},{\"@type\":\"ListItem\",\"position\":3,\"name\":\"O que compramos\"}]},{\"@type\":\"WebSite\",\"@id\":\"https:\/\/www.jantobil.com\/site\/#website\",\"url\":\"https:\/\/www.jantobil.com\/site\/\",\"name\":\"JANTOBIL, Lda.\",\"description\":\"Com\u00e9rcio de Metais Preciosos\",\"potentialAction\":[{\"@type\":\"SearchAction\",\"target\":{\"@type\":\"EntryPoint\",\"urlTemplate\":\"https:\/\/www.jantobil.com\/site\/?s={search_term_string}\"},\"query-input\":{\"@type\":\"PropertyValueSpecification\",\"valueRequired\":true,\"valueName\":\"search_term_string\"}}],\"inLanguage\":\"en-US\"}]}<\/script>\n<!-- \/ Yoast SEO Premium plugin. -->","yoast_head_json":{"title":"O que compramos | JANTOBIL, Lda.","description":"O que compramos: Ouro; Ouro em barra; Pratas; Platina; J\u00f3ias; Rel\u00f3gios; Diamantes; Moedas (ouro e prata); Cautelas de Penhor.","robots":{"index":"index","follow":"follow","max-snippet":"max-snippet:-1","max-image-preview":"max-image-preview:large","max-video-preview":"max-video-preview:-1"},"canonical":"https:\/\/www.jantobil.com\/site\/jantobil\/o-que-compramos\/","og_locale":"en_US","og_type":"article","og_title":"O que compramos","og_description":"O que compramos: Ouro; Ouro em barra; Pratas; Platina; J\u00f3ias; Rel\u00f3gios; Diamantes; Moedas (ouro e prata); Cautelas de Penhor.","og_url":"https:\/\/www.jantobil.com\/site\/jantobil\/o-que-compramos\/","og_site_name":"JANTOBIL, Lda.","article_modified_time":"2022-01-17T19:35:10+00:00","schema":{"@context":"https:\/\/schema.org","@graph":[{"@type":"WebPage","@id":"https:\/\/www.jantobil.com\/site\/jantobil\/o-que-compramos\/","url":"https:\/\/www.jantobil.com\/site\/jantobil\/o-que-compramos\/","name":"O que compramos | JANTOBIL, Lda.","isPartOf":{"@id":"https:\/\/www.jantobil.com\/site\/#website"},"datePublished":"2015-02-16T12:32:34+00:00","dateModified":"2022-01-17T19:35:10+00:00","description":"O que compramos: Ouro; Ouro em barra; Pratas; Platina; J\u00f3ias; Rel\u00f3gios; Diamantes; Moedas (ouro e prata); Cautelas de Penhor.","breadcrumb":{"@id":"https:\/\/www.jantobil.com\/site\/jantobil\/o-que-compramos\/#breadcrumb"},"inLanguage":"en-US","potentialAction":[{"@type":"ReadAction","target":["https:\/\/www.jantobil.com\/site\/jantobil\/o-que-compramos\/"]}]},{"@type":"BreadcrumbList","@id":"https:\/\/www.jantobil.com\/site\/jantobil\/o-que-compramos\/#breadcrumb","itemListElement":[{"@type":"ListItem","position":1,"name":"In\u00edcio","item":"https:\/\/www.jantobil.com\/site\/"},{"@type":"ListItem","position":2,"name":"Jantobil","item":"https:\/\/www.jantobil.com\/site\/jantobil\/"},{"@type":"ListItem","position":3,"name":"O que compramos"}]},{"@type":"WebSite","@id":"https:\/\/www.jantobil.com\/site\/#website","url":"https:\/\/www.jantobil.com\/site\/","name":"JANTOBIL, Lda.","description":"Com\u00e9rcio de Metais Preciosos","potentialAction":[{"@type":"SearchAction","target":{"@type":"EntryPoint","urlTemplate":"https:\/\/www.jantobil.com\/site\/?s={search_term_string}"},"query-input":{"@type":"PropertyValueSpecification","valueRequired":true,"valueName":"search_term_string"}}],"inLanguage":"en-US"}]}},"_links":{"self":[{"href":"https:\/\/www.jantobil.com\/site\/wp-json\/wp\/v2\/pages\/98"}],"collection":[{"href":"https:\/\/www.jantobil.com\/site\/wp-json\/wp\/v2\/pages"}],"about":[{"href":"https:\/\/www.jantobil.com\/site\/wp-json\/wp\/v2\/types\/page"}],"author":[{"embeddable":true,"href":"https:\/\/www.jantobil.com\/site\/wp-json\/wp\/v2\/users\/4"}],"replies":[{"embeddable":true,"href":"https:\/\/www.jantobil.com\/site\/wp-json\/wp\/v2\/comments?post=98"}],"version-history":[{"count":23,"href":"https:\/\/www.jantobil.com\/site\/wp-json\/wp\/v2\/pages\/98\/revisions"}],"predecessor-version":[{"id":602,"href":"https:\/\/www.jantobil.com\/site\/wp-json\/wp\/v2\/pages\/98\/revisions\/602"}],"up":[{"embeddable":true,"href":"https:\/\/www.jantobil.com\/site\/wp-json\/wp\/v2\/pages\/52"}],"wp:attachment":[{"href":"https:\/\/www.jantobil.com\/site\/wp-json\/wp\/v2\/media?parent=98"}],"curies":[{"name":"wp","href":"https:\/\/api.w.org\/{rel}","templated":true}]}}